{"id":1574,"date":"2020-03-27T18:26:21","date_gmt":"2020-03-27T17:26:21","guid":{"rendered":"http:\/\/grimpo6.org\/?page_id=1574"},"modified":"2021-11-02T17:51:06","modified_gmt":"2021-11-02T16:51:06","slug":"contacts","status":"publish","type":"page","link":"https:\/\/grimpo6.org\/index.php\/contacts\/","title":{"rendered":"Contacts"},"content":{"rendered":"\n<p class=\"has-text-align-center has-accent-color has-text-color\"><strong>Pour toute question, <\/strong>vous pouvez nous contacter par email :<br><img loading=\"lazy\" decoding=\"async\" width=\"190\" height=\"31\" class=\"wp-image-1582\" style=\"width: 190px;\" src=\"https:\/\/grimpo6.org\/wp-content\/uploads\/2020\/03\/AdresseContactGrimpo6.png\" alt=\"\"><\/p>\n\n\n\n<div class=\"wp-block-image\"><figure class=\"aligncenter size-large is-resized\"><img loading=\"lazy\" decoding=\"async\" src=\"https:\/\/grimpo6.org\/wp-content\/uploads\/2021\/08\/GRIMPO_6_1-1024x1024.jpg\" alt=\"\" class=\"wp-image-1971\" width=\"236\" height=\"236\" srcset=\"https:\/\/grimpo6.org\/wp-content\/uploads\/2021\/08\/GRIMPO_6_1-1024x1024.jpg 1024w, https:\/\/grimpo6.org\/wp-content\/uploads\/2021\/08\/GRIMPO_6_1-300x300.jpg 300w, https:\/\/grimpo6.org\/wp-content\/uploads\/2021\/08\/GRIMPO_6_1-150x150.jpg 150w, https:\/\/grimpo6.org\/wp-content\/uploads\/2021\/08\/GRIMPO_6_1-768x768.jpg 768w, https:\/\/grimpo6.org\/wp-content\/uploads\/2021\/08\/GRIMPO_6_1-1536x1536.jpg 1536w, https:\/\/grimpo6.org\/wp-content\/uploads\/2021\/08\/GRIMPO_6_1-2048x2048.jpg 2048w, https:\/\/grimpo6.org\/wp-content\/uploads\/2021\/08\/GRIMPO_6_1-600x600.jpg 600w, https:\/\/grimpo6.org\/wp-content\/uploads\/2021\/08\/GRIMPO_6_1-945x945.jpg 945w\" sizes=\"auto, (max-width: 236px) 100vw, 236px\" \/><\/figure><\/div>\n\n\n\n<p class=\"has-text-align-center has-black-color has-text-color\"><span class=\"has-inline-color has-accent-color\"><strong>Pour contacter un p\u00f4le<\/strong>, sur un sujet plus sp\u00e9cifique, <\/span>les emails des r\u00e9f\u00e9rents de p\u00f4les sont sur cette page : <a href=\"https:\/\/grimpo6.org\/index.php\/informations\/poles-activite\/\">Organisation &amp; p\u00f4les \u2013 Grimpo6<\/a><\/p>\n\n\n\n<p><\/p>\n","protected":false},"excerpt":{"rendered":"<p>Pour toute question, vous pouvez nous contacter par email : Pour contacter un p\u00f4le, sur un sujet plus sp\u00e9cifique, les emails des r\u00e9f\u00e9rents de p\u00f4les sont sur cette page : Organisation &amp; p\u00f4les \u2013 Grimpo6<\/p>\n","protected":false},"author":2,"featured_media":0,"parent":0,"menu_order":0,"comment_status":"closed","ping_status":"closed","template":"","meta":{"footnotes":""},"class_list":["post-1574","page","type-page","status-publish","hentry"],"_links":{"self":[{"href":"https:\/\/grimpo6.org\/index.php\/wp-json\/wp\/v2\/pages\/1574","targetHints":{"allow":["GET"]}}],"collection":[{"href":"https:\/\/grimpo6.org\/index.php\/wp-json\/wp\/v2\/pages"}],"about":[{"href":"https:\/\/grimpo6.org\/index.php\/wp-json\/wp\/v2\/types\/page"}],"author":[{"embeddable":true,"href":"https:\/\/grimpo6.org\/index.php\/wp-json\/wp\/v2\/users\/2"}],"replies":[{"embeddable":true,"href":"https:\/\/grimpo6.org\/index.php\/wp-json\/wp\/v2\/comments?post=1574"}],"version-history":[{"count":18,"href":"https:\/\/grimpo6.org\/index.php\/wp-json\/wp\/v2\/pages\/1574\/revisions"}],"predecessor-version":[{"id":2294,"href":"https:\/\/grimpo6.org\/index.php\/wp-json\/wp\/v2\/pages\/1574\/revisions\/2294"}],"wp:attachment":[{"href":"https:\/\/grimpo6.org\/index.php\/wp-json\/wp\/v2\/media?parent=1574"}],"curies":[{"name":"wp","href":"https:\/\/api.w.org\/{rel}","templated":true}]}}