{"id":219,"date":"2017-09-06T13:06:06","date_gmt":"2017-09-06T11:06:06","guid":{"rendered":"http:\/\/grimpo6.org\/?page_id=219"},"modified":"2025-11-07T13:14:29","modified_gmt":"2025-11-07T12:14:29","slug":"poles-activite","status":"publish","type":"page","link":"https:\/\/grimpo6.org\/index.php\/lassociation-presentation\/poles-activite\/","title":{"rendered":"Organisation &#038; p\u00f4les"},"content":{"rendered":"\n<h4 class=\"wp-block-heading has-accent-color has-text-color\">Organisation de Grimpo6<\/h4>\n\n\n\n<p>Le&nbsp;<strong>bureau de Grimpo6<\/strong> est le socle, la pierre, le caillou, le rocher sur lequel repose la falaise associative. C\u2019est l\u2019organe qui&nbsp;centralise les diff\u00e9rents sujets et <strong>prend d\u00e9cisions et orientations<\/strong>&nbsp;pour l\u2019association, de mani\u00e8re d\u00e9mocratique. <br>Le bureau Grimpo6 est compos\u00e9 de <strong>10 co-pr\u00e9sidents, 3 tr\u00e9soriers, ainsi que les r\u00e9f\u00e9rents des p\u00f4les d&rsquo;activit\u00e9s<\/strong> (2 ou 3 r\u00e9f\u00e9rents par p\u00f4le).<\/p>\n\n\n\n<p>Tous les deux mois environ, les membres du bureau d\u00e9cident de l\u2019ordre du jour et se r\u00e9unissent. Discussions et vote si besoin autour des sujets qui font vivre et \u00e9voluer l\u2019association.<br><strong><em>Tous les membres Grimpo6 sont invit\u00e9s \u00e0 participer aux r\u00e9unions de bureau pour observer et\/ou donner leur avis sur les diff\u00e9rents sujets abord\u00e9s.<\/em><\/strong><\/p>\n\n\n\n<p class=\"has-accent-color has-text-color has-link-color wp-elements-542186e7e64530c7e5cac007f601f132\"><strong>Qui sont les r\u00e9f\u00e9rents de p\u00f4le&nbsp;?<\/strong> Ce sont des membres de Grimpo6 coopt\u00e9s par ceux d\u00e9j\u00e0 en place, apr\u00e8s s\u2019\u00eatre investis dans l\u2019association et avoir fait part de leur envie de s\u2019impliquer un peu plus&nbsp;!<\/p>\n\n\n\n<p>Les \u00ab\u00a0crit\u00e8res\u00a0\u00bb pour \u00eatre coopt\u00e9 r\u00e9f\u00e9rent ? L\u00e9gitimit\u00e9 (investissement), comp\u00e9tence (humaine, organisation, logistique, etc\u2026), confiance (la personne s\u2019est fait conna\u00eetre positivement), et enthousiasme (les mauvais caract\u00e8res ne sont pas des compagnons de travail agr\u00e9ables !).<\/p>\n\n\n\n<p>La prise de d\u00e9cision est \u00e9galement <strong>d\u00e9mocratique au niveau du club tout entier<\/strong>, lors de deux rassemblements&nbsp;(en janvier et en juin). Lors de ces \u00e9v\u00e9nements ont lieu&nbsp;: les votes du rapport moral et du rapport financier, l\u2019\u00e9lection du bureau et la mise en place de groupes de r\u00e9flexion, si besoin, sur des grands principes ou enjeux de l\u2019association.<\/p>\n\n\n\n<h4 class=\"wp-block-heading has-accent-color has-text-color\">Les missions des p\u00f4les Grimpo6 :<\/h4>\n\n\n\n<ul class=\"wp-block-list\">\n<li><span style=\"color: #33cccc;\"><strong>Accueil et autonomie des nouveaux<\/strong> :<\/span> D\u00e9but d&rsquo;ann\u00e9e -&gt; Animation de la r\u00e9union d\u2019inscription \/ Charg\u00e9 en d\u00e9but d\u2019ann\u00e9e d&rsquo;organiser la validation des nouveaux autonomes et la formation des nouveaux d\u00e9butants. Ses missions : r\u00e9fl\u00e9chir \u00e0 l\u2019aspect \u00ab technique \u00bb de la formation des nouveaux membres, organiser les s\u00e9ances de formation et r\u00e9server les cr\u00e9neaux, relancer les anciens membres pour \u00eatre pr\u00e9sents lors des formations. En cours d&rsquo;ann\u00e9e : <strong>Formations ext\u00e9rieurs<\/strong>. Charg\u00e9 d\u2019organiser et d\u2019animer la formation des grimpeurs pour les sorties en ext\u00e9rieur. Ses missions : mettre en place les initiations \u00e0 la grimpe en falaise, les initiations grande voie, terrain d\u2019aventure, les ateliers de manip de cordes etc., mettre en place au gymnase les ateliers de formation du grimpeur : les s\u00e9ances de progression et les formations SAE\/SNE (Structures Artificielles d&rsquo;Escalade\/Structures Naturelles d&rsquo;Escalade).&nbsp;<br>&gt;&nbsp;<span style=\"color: #ff0000;\">Chaque membre du p\u00f4le Accueil et autonomie des nouveaux s&rsquo;engage \u00e0 venir former \u00e0 l&rsquo;autonomie les nouveaux inscrits, au moins 2 fois, lors des sessions d&rsquo;initiation<\/span> puis<span style=\"color: #ff0000;\"> \u00e0 participer (en tant que formateur) au moins sur 2 cr\u00e9neaux pour des formations falaises<\/span>.<br><\/li>\n\n\n\n<li><span style=\"color: #33cccc;\"><strong>Adh\u00e9sion<\/strong> :<\/span><mark style=\"background-color:rgba(0, 0, 0, 0)\" class=\"has-inline-color has-accent-color\"> <\/mark>Chaque d\u00e9but d\u2019ann\u00e9e avoir des documents mis \u00e0 jour par les p\u00f4les respectivement en charge (charte, passeport, mod\u00e8le pour sorties, &#8230;), g\u00e9rer les demandes de licences, pointer pour v\u00e9rifier s&rsquo;il manque des papiers, g\u00e9rer et mettre \u00e0 jour les diff\u00e9rentes mailing listes, mod\u00e9rer les envois de courriel sur ces listes, cr\u00e9er un lien en ligne o\u00f9 on pourra trouver tous les documents n\u00e9cessaires.<br><\/li>\n\n\n\n<li><span style=\"color: #33cccc;\"><strong>Sorties<\/strong> :<\/span> Charg\u00e9 de faciliter l\u2019organisation de sorties. Ses missions : mettre en place les cars pour Fontainebleau (r\u00e9server les cars, se coordonner avec les autres clubs FSGT, g\u00e9rer les inscriptions), aider \u00e0 l\u2019organisation des sorties, constituer une biblioth\u00e8que de topos, informer les membres sur les possibilit\u00e9s d\u2019emprunt de mat\u00e9riel \u00e0 la coop\u2019Alpi\u2026<br>&gt;&nbsp;<span style=\"color: #ff0000;\">Chaque membre du p\u00f4le Sorties s&rsquo;engage \u00e0 co-organiser au moins 1 sortie dans l&rsquo;ann\u00e9e.<\/span><br><\/li>\n\n\n\n<li><span style=\"color: #33cccc;\"><strong>SAE<\/strong> &#8211; Vie du mur :<\/span> Charg\u00e9 de mettre en valeur le mur d\u2019escalade. Ses missions : coordonner l\u2019ouverture des voies et les op\u00e9rations de nettoyage des prises, organiser la formation des ouvreurs, contacter les autres clubs qui donnent des prises, g\u00e9rer les rachats de prises (devis, etc), promouvoir des projets d\u2019agrandissement ou de modification de la SAE. <br>&gt; <span style=\"color: #ff0000;\">Chaque membre du p\u00f4le Vie du mur s&rsquo;engage \u00e0 venir aider lors des cr\u00e9neaux d&rsquo;ouverture de voies (nettoyage, ouverture&#8230;) au moins 1 fois dans l&rsquo;ann\u00e9e, et \u00e0 assurer une pr\u00e9sence lors de l&rsquo;ouverture du cr\u00e9neau voisins au moins un samedi.<\/span><br><\/li>\n\n\n\n<li><span style=\"color: #33cccc;\"><strong>Mat\u00e9riel :<\/strong> <\/span>Charg\u00e9 du pr\u00eat et de l\u2019entretien du mat\u00e9riel disponible (crashpads, cordes, d\u00e9gaines, casque) et destin\u00e9 aux sorties du club ou priv\u00e9e en couennes et grandes voies (uniquement). Ses missions : veiller au bon \u00e9tat du mat\u00e9riel, tenir un cahier des achats et gestion des EPI, sortir le mat\u00e9riel emprunt\u00e9 et veiller \u00e0 son bon retour, g\u00e9rer le renouvellement et le rachat du mat\u00e9riel falaise et mur (cordes, baudriers\u2026).<br><\/li>\n\n\n\n<li><span style=\"color: #33cccc;\"><strong>Enfants &#8211; cr\u00e9neaux encadr\u00e9s :<\/strong><\/span> Animation du cr\u00e9neau enfants, gestion des pr\u00e9sences des animateurs, relation avec les parents, s&rsquo;occuper des sorties. D\u00e9marche pour d\u00e9velopper le cr\u00e9neau en nous faisant conna\u00eetre dans le quartier. <br>&gt; <span style=\"color: #ff0000;\">Chaque animateur du p\u00f4le s&rsquo;engage \u00e0 \u00eatre pr\u00e9sent r\u00e9guli\u00e8rement <em>(gymnase ferm\u00e9 pendant toutes les vacances scolaires).<\/em><\/span><br><\/li>\n\n\n\n<li><span style=\"color: #33cccc;\"><span style=\"color: #33cccc;\"><strong style=\"color: #33cccc;\">Parents &#8211; enfants : <\/strong><\/span><\/span>Met en relation (pour ceux qui le souhaitent) les parents des enfants inscrits en \u00ab\u00a0grimpe libre\u00a0\u00bb, hors cr\u00e9neaux encadr\u00e9s du mardi et du vendredi. Le but est d\u2019abord de se tenir au courant des moments o\u00f9 on fr\u00e9quente le gymnase avec nos enfants, puis d&rsquo;organiser des sorties communes. Il suffit de contacter les r\u00e9f\u00e9rents du p\u00f4le pour rejoindre la liste de diffusion.<br><\/li>\n\n\n\n<li><span style=\"color: #33cccc;\"><strong>Escalade pour tous : <\/strong><\/span>Charg\u00e9 d\u2019organiser et d\u2019animer des s\u00e9ances de d\u00e9couverte \u00e0 l&rsquo;escalade en salle ou en ext\u00e9rieur pour des publics qui n&rsquo;y ont pas acc\u00e8s facilement. Ses missions : identifier des associations et cr\u00e9er des partenariats, afin que tous les publics aient acc\u00e8s \u00e0 des activit\u00e9s sportives ou de loisirs. Faire de Grimpo6 le relais des valeurs de la FSGT et un acteur de transformation sociale. Rendre Grimpo6 plus inclusif et motiver ses adh\u00e9rents \u00e0 participer \u00e0 des s\u00e9ances de d\u00e9couverte et de partage !\u00a0\u00bb.<br><\/li>\n\n\n\n<li><span style=\"color: #33cccc;\"><strong>Trail :<\/strong><\/span> Invite les grimpeurs \u00e0 pratiquer le trail de mani\u00e8re conviviale et ludique. Le p\u00f4le propose des entra\u00eenements mensuels sur chemin, dans les for\u00eats ou les vall\u00e9es vertes les plus proches de Paris, mais \u00e9galement des sorties longues, des participations en groupe \u00e0 des courses en \u00cele-de-France ou sur terrains montagneux.<br><\/li>\n\n\n\n<li><span style=\"color: #33cccc;\"><strong>\u00c9v\u00e8nements<\/strong> :<\/span> Organisation des manifestations exceptionnelles : projections, f\u00eate, rencontres. Mais aussi cr\u00e9ation de moments conviviaux au gymnase, grimpe \u00e0 th\u00e8me. L&rsquo;id\u00e9e est d&rsquo;animer, cr\u00e9er du lien, dans le club et avec d&rsquo;autres clubs. <br>&gt;&nbsp;<span style=\"color: #ff0000;\">Chaque membre du p\u00f4le \u00c9v\u00e8nements s&rsquo;engage \u00e0 co-organiser au moins 1 \u00e9v\u00e8nement dans l&rsquo;ann\u00e9e.<\/span><br><\/li>\n\n\n\n<li><span style=\"color: #33cccc;\"><strong>Communication<\/strong> :<\/span> Charg\u00e9 de la communication vers les membres du club et le public, sur le site web, par courriel et affichage. Ses missions : Produire, organiser et diffuser la communication du club en utilisant les diff\u00e9rents m\u00e9dias (site web, newsletters, panneau d&rsquo;affichage). Mais \u00e9galement r\u00e9pondre aux questions des adh\u00e9rents envoy\u00e9es par courriel, et r\u00e9pondre aux demandes ext\u00e9rieures d\u2019inscriptions ou d\u2019information. <br>&gt; <span style=\"color: #ff0000;\">Chaque membre du p\u00f4le Communication s&rsquo;engage \u00e0 participer quelques heures par mois (ou plus ponctuellement) \u00e0 l&rsquo;animation du Facebook ou Instagram, \u00e0 la r\u00e9daction de la newsletter Grimpo6 ou \u00e0 la cr\u00e9ation d&rsquo;outils de com&rsquo; (flyers, affiches, vid\u00e9os, etc).<\/span><br><\/li>\n\n\n\n<li><span style=\"color: #33cccc;\"><strong>Informatique<\/strong> :<\/span> Charg\u00e9 de la gestion des outils informatiques et Internet de Grimpo6. Ses missions : Assurer la maintenance et l&rsquo;administration des diff\u00e9rents outils informatiques (site web, listes de diffusion par courriel, outils collaboratif, etc.). D\u00e9velopper ou assister le club dans l&rsquo;adoption de nouveaux outils.<\/li>\n<\/ul>\n\n\n\n<p class=\"has-white-color has-accent-background-color has-text-color has-background has-link-color wp-elements-5159ffb8e192116125ab16f66071ab65\"><strong>Comment nous contacter : <\/strong><\/p>\n\n\n<div class=\"wp-block-image\">\n<figure class=\"aligncenter size-large\"><img loading=\"lazy\" decoding=\"async\" width=\"588\" height=\"717\" src=\"https:\/\/grimpo6.org\/wp-content\/uploads\/2021\/03\/Capture-d\u2019e\u0301cran-2021-03-30-a\u0300-17.11.32.png\" alt=\"\" class=\"wp-image-1804\" srcset=\"https:\/\/grimpo6.org\/wp-content\/uploads\/2021\/03\/Capture-d\u2019e\u0301cran-2021-03-30-a\u0300-17.11.32.png 588w, https:\/\/grimpo6.org\/wp-content\/uploads\/2021\/03\/Capture-d\u2019e\u0301cran-2021-03-30-a\u0300-17.11.32-246x300.png 246w\" sizes=\"auto, (max-width: 588px) 100vw, 588px\" \/><\/figure>\n<\/div>","protected":false},"excerpt":{"rendered":"<p>Organisation de Grimpo6 Le&nbsp;bureau de Grimpo6 est le socle, la pierre, le caillou, le rocher sur lequel repose la falaise associative. C\u2019est l\u2019organe qui&nbsp;centralise les diff\u00e9rents sujets et prend d\u00e9cisions et orientations&nbsp;pour l\u2019association, de mani\u00e8re d\u00e9mocratique. Le bureau Grimpo6 est&#8230; <a class=\"more-link\" href=\"https:\/\/grimpo6.org\/index.php\/lassociation-presentation\/poles-activite\/\">Continue Reading &rarr;<\/a><\/p>\n","protected":false},"author":2,"featured_media":0,"parent":185,"menu_order":4,"comment_status":"closed","ping_status":"closed","template":"","meta":{"footnotes":""},"class_list":["post-219","page","type-page","status-publish","hentry"],"_links":{"self":[{"href":"https:\/\/grimpo6.org\/index.php\/wp-json\/wp\/v2\/pages\/219","targetHints":{"allow":["GET"]}}],"collection":[{"href":"https:\/\/grimpo6.org\/index.php\/wp-json\/wp\/v2\/pages"}],"about":[{"href":"https:\/\/grimpo6.org\/index.php\/wp-json\/wp\/v2\/types\/page"}],"author":[{"embeddable":true,"href":"https:\/\/grimpo6.org\/index.php\/wp-json\/wp\/v2\/users\/2"}],"replies":[{"embeddable":true,"href":"https:\/\/grimpo6.org\/index.php\/wp-json\/wp\/v2\/comments?post=219"}],"version-history":[{"count":88,"href":"https:\/\/grimpo6.org\/index.php\/wp-json\/wp\/v2\/pages\/219\/revisions"}],"predecessor-version":[{"id":4227,"href":"https:\/\/grimpo6.org\/index.php\/wp-json\/wp\/v2\/pages\/219\/revisions\/4227"}],"up":[{"embeddable":true,"href":"https:\/\/grimpo6.org\/index.php\/wp-json\/wp\/v2\/pages\/185"}],"wp:attachment":[{"href":"https:\/\/grimpo6.org\/index.php\/wp-json\/wp\/v2\/media?parent=219"}],"curies":[{"name":"wp","href":"https:\/\/api.w.org\/{rel}","templated":true}]}}