{"id":2235,"date":"2021-10-29T21:39:55","date_gmt":"2021-10-29T19:39:55","guid":{"rendered":"https:\/\/grimpo6.org\/?page_id=2235"},"modified":"2025-11-06T15:06:06","modified_gmt":"2025-11-06T14:06:06","slug":"mentions-legales","status":"publish","type":"page","link":"https:\/\/grimpo6.org\/index.php\/mentions-legales\/","title":{"rendered":"Mentions l\u00e9gales"},"content":{"rendered":"\n<p><span style=\"text-decoration: underline;\"><strong>\u00c9diteur du site<\/strong><\/span><\/p>\n\n\n\n<p>Le site grimpo6.org est \u00e9dit\u00e9 par l\u2019association GRIMPO6, dont le si\u00e8ge social est situ\u00e9 au 18 rue Le Verrier 75006 PARIS. GRIMPO6 est affili\u00e9e \u00e0 la FSGT.<br>Adresse de messagerie : contact@grimpo6.org<\/p>\n\n\n\n<p><span style=\"text-decoration: underline;\"><strong>Direction de la publication<\/strong><\/span><br>Le directeur de la publication est Monsieur Florian Teyber en sa qualit\u00e9 de Pr\u00e9sident de l\u2019association Grimpo6.<\/p>\n\n\n\n<p><span style=\"text-decoration: underline;\"><strong>H\u00e9bergement<\/strong><\/span><br>Le site grimpo6.org est h\u00e9berg\u00e9 par : OVH, 2 rue Kellermann, 59100 Roubaix<\/p>\n\n\n\n<p><span style=\"text-decoration: underline;\"><strong>Droits d\u2019auteur<\/strong><\/span><br>Ce site respecte le droit d\u2019auteur.<br>Toute production, reproduction, ou repr\u00e9sentation de ce site, en tout ou partie (textes, sons ou images) sur quelque support que ce soit est interdite. Le non-respect de cette interdiction constitue une contrefa\u00e7on pouvant engager la responsabilit\u00e9 civile et p\u00e9nale du contrefacteur.<\/p>\n\n\n\n<p><span style=\"text-decoration: underline;\"><strong>Conditions d\u2019utilisation<\/strong><\/span><br>Les informations contenues dans ce site sont soumises \u00e0 la Loi Fran\u00e7aise et sont fournies \u00ab\u00a0telles quelles\u00a0\u00bb, sans garanties d\u2019aucune sorte, ni explicites, ni tacites. Ces informations peuvent contenir des inexactitudes techniques ou des erreurs typographiques.<\/p>\n","protected":false},"excerpt":{"rendered":"<p>\u00c9diteur du site Le site grimpo6.org est \u00e9dit\u00e9 par l\u2019association GRIMPO6, dont le si\u00e8ge social est situ\u00e9 au 18 rue Le Verrier 75006 PARIS. GRIMPO6 est affili\u00e9e \u00e0 la FSGT.Adresse de messagerie : contact@grimpo6.org Direction de la publicationLe directeur de&#8230; <a class=\"more-link\" href=\"https:\/\/grimpo6.org\/index.php\/mentions-legales\/\">Continue Reading &rarr;<\/a><\/p>\n","protected":false},"author":9,"featured_media":0,"parent":0,"menu_order":0,"comment_status":"closed","ping_status":"closed","template":"","meta":{"footnotes":""},"class_list":["post-2235","page","type-page","status-publish","hentry"],"_links":{"self":[{"href":"https:\/\/grimpo6.org\/index.php\/wp-json\/wp\/v2\/pages\/2235","targetHints":{"allow":["GET"]}}],"collection":[{"href":"https:\/\/grimpo6.org\/index.php\/wp-json\/wp\/v2\/pages"}],"about":[{"href":"https:\/\/grimpo6.org\/index.php\/wp-json\/wp\/v2\/types\/page"}],"author":[{"embeddable":true,"href":"https:\/\/grimpo6.org\/index.php\/wp-json\/wp\/v2\/users\/9"}],"replies":[{"embeddable":true,"href":"https:\/\/grimpo6.org\/index.php\/wp-json\/wp\/v2\/comments?post=2235"}],"version-history":[{"count":3,"href":"https:\/\/grimpo6.org\/index.php\/wp-json\/wp\/v2\/pages\/2235\/revisions"}],"predecessor-version":[{"id":4217,"href":"https:\/\/grimpo6.org\/index.php\/wp-json\/wp\/v2\/pages\/2235\/revisions\/4217"}],"wp:attachment":[{"href":"https:\/\/grimpo6.org\/index.php\/wp-json\/wp\/v2\/media?parent=2235"}],"curies":[{"name":"wp","href":"https:\/\/api.w.org\/{rel}","templated":true}]}}