{"id":2394,"date":"2021-12-08T11:44:45","date_gmt":"2021-12-08T10:44:45","guid":{"rendered":"https:\/\/grimpo6.org\/?page_id=2394"},"modified":"2025-04-09T16:53:19","modified_gmt":"2025-04-09T14:53:19","slug":"organiser-une-sortie","status":"publish","type":"page","link":"https:\/\/grimpo6.org\/index.php\/sorties\/organiser-une-sortie\/","title":{"rendered":"Organiser une sortie"},"content":{"rendered":"\n<p class=\"has-accent-color has-text-color has-link-color wp-elements-cd26d7ba6022a0b9c5e8d6a5c7e82f8c\"><strong><span class=\"has-inline-color has-accent-color\">TOUS les adh\u00e9rents \u00e0 Grimpo6 peuvent proposer des sorties !&nbsp;<\/span><\/strong><\/p>\n\n\n\n<p>Que ce soit une journ\u00e9e autour de Paris (Saint Maximin, viaduc des Fauvettes&#8230;), \u00e0 Fontainebleau, sur un week-end ou plus longtemps en France (Bourgogne, Normandie, Calanques, Var\u2026), ou \u00e0 l\u2019autre bout du monde, <strong>n\u2019h\u00e9sitez pas \u00e0 proposer !<\/strong>&nbsp;<\/p>\n\n\n\n<p>Chez Grimpo6, toutes les sorties sont permises \ud83d\ude09 pour les adultes ou les enfants :<\/p>\n\n\n\n<ul class=\"wp-block-list\">\n<li>Escalade, en couenne ou grande voie,<\/li>\n\n\n\n<li>Escalade de bloc (au sec ou dans l&rsquo;eau !),<\/li>\n\n\n\n<li>Trail,<\/li>\n\n\n\n<li>Randonn\u00e9es&#8230;<\/li>\n<\/ul>\n\n\n\n<p class=\"has-text-align-center\">*<strong><span class=\"has-inline-color has-accent-color\">Besoin d\u2019inspiration ? <\/span><\/strong><span class=\"has-inline-color has-black-color\">Lisez les comptes rendus des sorties pr\u00e9c\u00e9dentes<\/span><span class=\"has-inline-color has-accent-color\"> <a rel=\"noreferrer noopener\" href=\"https:\/\/grimpo6.org\/index.php\/category\/actualite\/sorties\/\" target=\"_blank\">sur cette page<\/a><\/span>*<\/p>\n\n\n\n<div class=\"wp-block-columns is-layout-flex wp-container-core-columns-is-layout-9d6595d7 wp-block-columns-is-layout-flex\">\n<div class=\"wp-block-column is-layout-flow wp-block-column-is-layout-flow\"><div class=\"wp-block-image\">\n<figure class=\"aligncenter size-large is-resized\"><img loading=\"lazy\" decoding=\"async\" width=\"1024\" height=\"683\" src=\"https:\/\/grimpo6.org\/wp-content\/uploads\/2021\/11\/DentellesPrDrive-2-1024x683.jpg\" alt=\"\" class=\"wp-image-2308\" style=\"width:449px;height:299px\" srcset=\"https:\/\/grimpo6.org\/wp-content\/uploads\/2021\/11\/DentellesPrDrive-2-1024x683.jpg 1024w, https:\/\/grimpo6.org\/wp-content\/uploads\/2021\/11\/DentellesPrDrive-2-300x200.jpg 300w, https:\/\/grimpo6.org\/wp-content\/uploads\/2021\/11\/DentellesPrDrive-2-768x512.jpg 768w, https:\/\/grimpo6.org\/wp-content\/uploads\/2021\/11\/DentellesPrDrive-2-1536x1024.jpg 1536w, https:\/\/grimpo6.org\/wp-content\/uploads\/2021\/11\/DentellesPrDrive-2-2048x1365.jpg 2048w, https:\/\/grimpo6.org\/wp-content\/uploads\/2021\/11\/DentellesPrDrive-2-600x400.jpg 600w, https:\/\/grimpo6.org\/wp-content\/uploads\/2021\/11\/DentellesPrDrive-2-945x630.jpg 945w\" sizes=\"auto, (max-width: 1024px) 100vw, 1024px\" \/><\/figure>\n<\/div><\/div>\n\n\n\n<div class=\"wp-block-column is-layout-flow wp-block-column-is-layout-flow\">\n<figure class=\"wp-block-image size-large is-resized\"><img loading=\"lazy\" decoding=\"async\" width=\"1024\" height=\"683\" src=\"https:\/\/grimpo6.org\/wp-content\/uploads\/2021\/11\/DentellesPrDrive-18-1-1024x683.jpg\" alt=\"\" class=\"wp-image-2330\" style=\"width:449px;height:299px\" srcset=\"https:\/\/grimpo6.org\/wp-content\/uploads\/2021\/11\/DentellesPrDrive-18-1-1024x683.jpg 1024w, https:\/\/grimpo6.org\/wp-content\/uploads\/2021\/11\/DentellesPrDrive-18-1-300x200.jpg 300w, https:\/\/grimpo6.org\/wp-content\/uploads\/2021\/11\/DentellesPrDrive-18-1-768x512.jpg 768w, https:\/\/grimpo6.org\/wp-content\/uploads\/2021\/11\/DentellesPrDrive-18-1-1536x1024.jpg 1536w, https:\/\/grimpo6.org\/wp-content\/uploads\/2021\/11\/DentellesPrDrive-18-1-2048x1365.jpg 2048w, https:\/\/grimpo6.org\/wp-content\/uploads\/2021\/11\/DentellesPrDrive-18-1-600x400.jpg 600w, https:\/\/grimpo6.org\/wp-content\/uploads\/2021\/11\/DentellesPrDrive-18-1-945x630.jpg 945w\" sizes=\"auto, (max-width: 1024px) 100vw, 1024px\" \/><\/figure>\n\n\n\n<p><\/p>\n<\/div>\n<\/div>\n\n\n\n<hr class=\"wp-block-separator has-css-opacity\"\/>\n\n\n\n<p class=\"has-accent-color has-text-color has-link-color wp-elements-3e6fc06a805ba6f7098a9cb4ec25e876\"><strong><span class=\"has-inline-color has-accent-color\">Comment organiser une Sortie Grimpo6 ?<\/span><\/strong><\/p>\n\n\n\n<ul class=\"wp-block-list\">\n<li>Que vous soyez d\u00e9butant ou plus exp\u00e9riment\u00e9 en escalade ou trail, <strong>proposez votre id\u00e9e <\/strong>de journ\u00e9e, week-end ou s\u00e9jour aux r\u00e9f\u00e9rents du p\u00f4le Sorties<strong> !<\/strong><br><\/li>\n\n\n\n<li>Apr\u00e8s d&rsquo;\u00e9ventuels ajustements,<strong> la Sortie est valid\u00e9e par les r\u00e9f\u00e9rents<\/strong> (type de sortie : falaise \/ bloc \/ trail &#8211; grimpe en couenne \/ grande voie, nombre de participants, d\u00e9butants ou autonomes, budget pr\u00e9visionnel, etc.),<br><\/li>\n\n\n\n<li><strong>Une \u00e9quipe organisatrice <\/strong>(compos\u00e9e d&rsquo;organisateurs et encadrants)<strong> est alors constitu\u00e9e<\/strong>,<br><\/li>\n\n\n\n<li>Une fois la Sortie valid\u00e9e, <strong>le p\u00f4le Sorties vous accompagne sur l\u2019organisation <\/strong>:\n<ul class=\"wp-block-list\">\n<li>id\u00e9e de logement (g\u00eetes, camping, cabanons, etc.),\u00a0<\/li>\n\n\n\n<li>recommandations sur les locations de voitures (assurance recommand\u00e9e, type de loueur, etc.),<\/li>\n\n\n\n<li>gestion des repas et des courses,<\/li>\n\n\n\n<li>pr\u00eat du mat\u00e9riel\u2026<\/li>\n<\/ul>\n<\/li>\n<\/ul>\n\n\n\n<p class=\"has-text-align-center has-accent-color has-text-color has-link-color wp-elements-70bcc05d9b884692f79f63813c788f96\"><strong>Bref : tout le monde peut proposer, se lancer&#8230; on s\u2019organise ensuite ensemble !<\/strong><\/p>\n\n\n\n<p class=\"has-text-align-center\"><strong><span class=\"has-inline-color has-accent-color\">*Demandez-nous le Guide de l&rsquo;organisateur de sorties !*<\/span><\/strong><\/p>\n\n\n\n<div class=\"wp-block-columns is-layout-flex wp-container-core-columns-is-layout-9d6595d7 wp-block-columns-is-layout-flex\">\n<div class=\"wp-block-column is-layout-flow wp-block-column-is-layout-flow\"><div class=\"wp-block-image\">\n<figure class=\"aligncenter size-large is-resized\"><img loading=\"lazy\" decoding=\"async\" width=\"1024\" height=\"768\" src=\"https:\/\/grimpo6.org\/wp-content\/uploads\/2021\/10\/WhatsApp-Image-2021-10-17-at-10.07.29-1024x768.jpeg\" alt=\"\" class=\"wp-image-2211\" style=\"aspect-ratio:1.3308550185873607;width:354px;height:auto\" srcset=\"https:\/\/grimpo6.org\/wp-content\/uploads\/2021\/10\/WhatsApp-Image-2021-10-17-at-10.07.29-1024x768.jpeg 1024w, https:\/\/grimpo6.org\/wp-content\/uploads\/2021\/10\/WhatsApp-Image-2021-10-17-at-10.07.29-300x225.jpeg 300w, https:\/\/grimpo6.org\/wp-content\/uploads\/2021\/10\/WhatsApp-Image-2021-10-17-at-10.07.29-768x576.jpeg 768w, https:\/\/grimpo6.org\/wp-content\/uploads\/2021\/10\/WhatsApp-Image-2021-10-17-at-10.07.29-1536x1152.jpeg 1536w, https:\/\/grimpo6.org\/wp-content\/uploads\/2021\/10\/WhatsApp-Image-2021-10-17-at-10.07.29-600x450.jpeg 600w, https:\/\/grimpo6.org\/wp-content\/uploads\/2021\/10\/WhatsApp-Image-2021-10-17-at-10.07.29-945x709.jpeg 945w, https:\/\/grimpo6.org\/wp-content\/uploads\/2021\/10\/WhatsApp-Image-2021-10-17-at-10.07.29.jpeg 2000w\" sizes=\"auto, (max-width: 1024px) 100vw, 1024px\" \/><\/figure>\n<\/div><\/div>\n\n\n\n<div class=\"wp-block-column is-layout-flow wp-block-column-is-layout-flow\">\n<figure class=\"wp-block-image size-full\"><img loading=\"lazy\" decoding=\"async\" width=\"1000\" height=\"667\" src=\"https:\/\/grimpo6.org\/wp-content\/uploads\/2021\/11\/PHOTO-2021-10-29-08-05-48-1.jpg\" alt=\"\" class=\"wp-image-2262\" srcset=\"https:\/\/grimpo6.org\/wp-content\/uploads\/2021\/11\/PHOTO-2021-10-29-08-05-48-1.jpg 1000w, https:\/\/grimpo6.org\/wp-content\/uploads\/2021\/11\/PHOTO-2021-10-29-08-05-48-1-300x200.jpg 300w, https:\/\/grimpo6.org\/wp-content\/uploads\/2021\/11\/PHOTO-2021-10-29-08-05-48-1-768x512.jpg 768w, https:\/\/grimpo6.org\/wp-content\/uploads\/2021\/11\/PHOTO-2021-10-29-08-05-48-1-600x400.jpg 600w, https:\/\/grimpo6.org\/wp-content\/uploads\/2021\/11\/PHOTO-2021-10-29-08-05-48-1-945x630.jpg 945w\" sizes=\"auto, (max-width: 1000px) 100vw, 1000px\" \/><\/figure>\n<\/div>\n<\/div>\n\n\n\n<hr class=\"wp-block-separator has-css-opacity\"\/>\n\n\n\n<p class=\"has-accent-color has-text-color has-link-color wp-elements-6b181a05fe69098bd42aea48aac6511f\"><strong><span class=\"has-inline-color has-accent-color\">Sorties Grimpo6 et mat\u00e9riel :<\/span><\/strong><\/p>\n\n\n\n<ul class=\"wp-block-list\">\n<li>Attention dans les Sorties Grimpo6, <strong>seul le mat\u00e9riel du club est autoris\u00e9<\/strong> (<em>matos perso interdit en sortie club<\/em>) : corde (simple ou \u00e0 double) et d\u00e9gaines.<\/li>\n\n\n\n<li><strong>Mat\u00e9riel perso \u00e0 pr\u00e9voir<\/strong> : casque, baudrier, assureur, mousquetons, etc. (rappel de la liste \u00e0 chaque sortie).<\/li>\n\n\n\n<li>Grimpo6 peut pr\u00eater du mat\u00e9riel (cordes \/ d\u00e9gaines) pour des sorties organis\u00e9es par d&rsquo;autres clubs FGST (autres que Grimpo6).<\/li>\n<\/ul>\n\n\n\n<hr class=\"wp-block-separator has-css-opacity\"\/>\n\n\n\n<p class=\"has-accent-color has-text-color has-link-color wp-elements-3f6203f40028354a54cf94e7e8cf39ba\"><strong><span class=\"has-inline-color has-accent-color\">Sorties personnelles et mat\u00e9riel : <\/span><\/strong><\/p>\n\n\n\n<ul class=\"wp-block-list\">\n<li>Grimpo6 peut mettre \u00e0 disposition de ses adh\u00e9rents <strong>des crashpads.<\/strong><\/li>\n\n\n\n<li>Grimpo6 ne pr\u00eate pas de mat\u00e9riel pour les sorties en falaise (pas de pr\u00eat de corde ou de d\u00e9gaines).<\/li>\n<\/ul>\n\n\n\n<hr class=\"wp-block-separator has-css-opacity\"\/>\n\n\n\n<p class=\"has-text-align-center has-white-color has-accent-background-color has-text-color has-background has-link-color wp-elements-96f116796eae508f99d49c59e0d6c865\">\ud83d\udce9 Pour contacter les r\u00e9f\u00e9rents du<strong> p\u00f4le Sorties<\/strong> ou du <strong>p\u00f4le Mat\u00e9riel <\/strong>: <a rel=\"noreferrer noopener\" href=\"https:\/\/grimpo6.org\/index.php\/informations\/poles-activite\/\" target=\"_blank\">emails sur cette page<\/a><\/p>\n","protected":false},"excerpt":{"rendered":"<p>TOUS les adh\u00e9rents \u00e0 Grimpo6 peuvent proposer des sorties !&nbsp; Que ce soit une journ\u00e9e autour de Paris (Saint Maximin, viaduc des Fauvettes&#8230;), \u00e0 Fontainebleau, sur un week-end ou plus longtemps en France (Bourgogne, Normandie, Calanques, Var\u2026), ou \u00e0 l\u2019autre&#8230; <a class=\"more-link\" href=\"https:\/\/grimpo6.org\/index.php\/sorties\/organiser-une-sortie\/\">Continue Reading &rarr;<\/a><\/p>\n","protected":false},"author":11,"featured_media":0,"parent":367,"menu_order":1,"comment_status":"closed","ping_status":"closed","template":"","meta":{"footnotes":""},"class_list":["post-2394","page","type-page","status-publish","hentry"],"_links":{"self":[{"href":"https:\/\/grimpo6.org\/index.php\/wp-json\/wp\/v2\/pages\/2394","targetHints":{"allow":["GET"]}}],"collection":[{"href":"https:\/\/grimpo6.org\/index.php\/wp-json\/wp\/v2\/pages"}],"about":[{"href":"https:\/\/grimpo6.org\/index.php\/wp-json\/wp\/v2\/types\/page"}],"author":[{"embeddable":true,"href":"https:\/\/grimpo6.org\/index.php\/wp-json\/wp\/v2\/users\/11"}],"replies":[{"embeddable":true,"href":"https:\/\/grimpo6.org\/index.php\/wp-json\/wp\/v2\/comments?post=2394"}],"version-history":[{"count":16,"href":"https:\/\/grimpo6.org\/index.php\/wp-json\/wp\/v2\/pages\/2394\/revisions"}],"predecessor-version":[{"id":3966,"href":"https:\/\/grimpo6.org\/index.php\/wp-json\/wp\/v2\/pages\/2394\/revisions\/3966"}],"up":[{"embeddable":true,"href":"https:\/\/grimpo6.org\/index.php\/wp-json\/wp\/v2\/pages\/367"}],"wp:attachment":[{"href":"https:\/\/grimpo6.org\/index.php\/wp-json\/wp\/v2\/media?parent=2394"}],"curies":[{"name":"wp","href":"https:\/\/api.w.org\/{rel}","templated":true}]}}