{"id":283,"date":"2017-09-22T11:17:47","date_gmt":"2017-09-22T09:17:47","guid":{"rendered":"http:\/\/grimpo6.org\/?page_id=283"},"modified":"2018-08-01T10:32:17","modified_gmt":"2018-08-01T08:32:17","slug":"actualite","status":"publish","type":"page","link":"https:\/\/grimpo6.org\/index.php\/actualite\/","title":{"rendered":"Actualit\u00e9s"},"content":{"rendered":"<div class=\"moz-text-html\" lang=\"x-western\">\n<h4>Sortie de Grimpo6<\/h4>\n<div>D\u00e9couvrir ou retourner \u00e0 Fontainebleau le dimanche 1er octobre 2018 (annulation si m\u00e9t\u00e9o mauvaise)<\/div>\n<div>R\u00e9servez la date. D\u2019autres informations tr\u00e8s rapidement.<\/div>\n<hr \/>\n<h4>ACTUALIT\u00c9S CR\u00c9NEAUX<\/h4>\n<div>\n<div>\n<p>La cr\u00e9ation de l\u2019association en juillet a n\u00e9cessit\u00e9 de nombreuses proc\u00e9dures administratives pour que la Mairie de Paris puisse nous affecter les cr\u00e9neaux souhait\u00e9s. Info du 21 septembre : l&rsquo;officialisation de l&rsquo;attribution des cr\u00e9neaux que vous attendiez toutes et tous nous est parvenue !<\/p>\n<div>\n<div>Nous remercions tous les acteurs qui ont aid\u00e9 \u00e0 ce que cela prenne forme.<\/div>\n<\/div>\n<p>L&rsquo;escalade au gymnase peut commencer d\u00e8s ce vendredi 22 septembre 2017 pour ceux qui ont d\u00e9j\u00e0 valid\u00e9 leur autonomie l&rsquo;an dernier. Les cr\u00e9neaux week-end sont ouverts pour ce week-end du 22-23\/09.<\/p>\n<\/div>\n<\/div>\n<div>Pour tous ceux qui nous ont rejoint\u00a0 cette ann\u00e9e, vous devez passer par la case validation d&rsquo;autonomie (que vous soyez d\u00e9butants ou non).<\/div>\n<hr \/>\n<h4>Ouverture de voies<\/h4>\n<div>Afin de pr\u00e9parer au mieux la rentr\u00e9e de septembre, une \u00e9quipe de volontaires a pass\u00e9 des heures \u00e0 ouvrir des voies int\u00e9ressantes fin juin 2017.<\/div>\n<div><img loading=\"lazy\" decoding=\"async\" class=\"alignnone wp-image-284\" src=\"https:\/\/grimpo6.org\/wp-content\/uploads\/2017\/09\/IMG_6428-300x225.jpg\" alt=\"\" width=\"855\" height=\"641\" srcset=\"https:\/\/grimpo6.org\/wp-content\/uploads\/2017\/09\/IMG_6428-300x225.jpg 300w, https:\/\/grimpo6.org\/wp-content\/uploads\/2017\/09\/IMG_6428-768x576.jpg 768w, https:\/\/grimpo6.org\/wp-content\/uploads\/2017\/09\/IMG_6428-1024x768.jpg 1024w\" sizes=\"auto, (max-width: 855px) 100vw, 855px\" \/><\/div>\n<div><\/div>\n<\/div>\n","protected":false},"excerpt":{"rendered":"<p>Sortie de Grimpo6 D\u00e9couvrir ou retourner \u00e0 Fontainebleau le dimanche 1er octobre 2018 (annulation si m\u00e9t\u00e9o mauvaise) R\u00e9servez la date. D\u2019autres informations tr\u00e8s rapidement. ACTUALIT\u00c9S CR\u00c9NEAUX La cr\u00e9ation de l\u2019association en juillet a n\u00e9cessit\u00e9 de nombreuses proc\u00e9dures administratives pour que&#8230; <a class=\"more-link\" href=\"https:\/\/grimpo6.org\/index.php\/actualite\/\">Continue Reading &rarr;<\/a><\/p>\n","protected":false},"author":2,"featured_media":0,"parent":0,"menu_order":7,"comment_status":"closed","ping_status":"closed","template":"","meta":{"footnotes":""},"class_list":["post-283","page","type-page","status-publish","hentry"],"_links":{"self":[{"href":"https:\/\/grimpo6.org\/index.php\/wp-json\/wp\/v2\/pages\/283","targetHints":{"allow":["GET"]}}],"collection":[{"href":"https:\/\/grimpo6.org\/index.php\/wp-json\/wp\/v2\/pages"}],"about":[{"href":"https:\/\/grimpo6.org\/index.php\/wp-json\/wp\/v2\/types\/page"}],"author":[{"embeddable":true,"href":"https:\/\/grimpo6.org\/index.php\/wp-json\/wp\/v2\/users\/2"}],"replies":[{"embeddable":true,"href":"https:\/\/grimpo6.org\/index.php\/wp-json\/wp\/v2\/comments?post=283"}],"version-history":[{"count":7,"href":"https:\/\/grimpo6.org\/index.php\/wp-json\/wp\/v2\/pages\/283\/revisions"}],"predecessor-version":[{"id":366,"href":"https:\/\/grimpo6.org\/index.php\/wp-json\/wp\/v2\/pages\/283\/revisions\/366"}],"wp:attachment":[{"href":"https:\/\/grimpo6.org\/index.php\/wp-json\/wp\/v2\/media?parent=283"}],"curies":[{"name":"wp","href":"https:\/\/api.w.org\/{rel}","templated":true}]}}