{"id":302,"date":"2017-09-22T11:37:53","date_gmt":"2017-09-22T09:37:53","guid":{"rendered":"http:\/\/grimpo6.org\/?page_id=302"},"modified":"2024-07-04T10:29:19","modified_gmt":"2024-07-04T08:29:19","slug":"horaires","status":"publish","type":"page","link":"https:\/\/grimpo6.org\/index.php\/lassociation-presentation\/horaires\/","title":{"rendered":"Horaires"},"content":{"rendered":"\n<h4 class=\"wp-block-heading has-accent-color has-text-color\"><strong>ADULTES<\/strong><\/h4>\n\n\n\n<p>Les <strong>cr\u00e9neaux adultes en grimpe libre<\/strong> :<\/p>\n\n\n\n<div class=\"wp-block-media-text alignwide is-stacked-on-mobile\" style=\"grid-template-columns:15% auto\"><figure class=\"wp-block-media-text__media\"><img loading=\"lazy\" decoding=\"async\" width=\"695\" height=\"1024\" src=\"https:\/\/grimpo6.org\/wp-content\/uploads\/2021\/08\/GRIMPO_6_1-1-695x1024.jpg\" alt=\"\" class=\"wp-image-1973 size-full\" srcset=\"https:\/\/grimpo6.org\/wp-content\/uploads\/2021\/08\/GRIMPO_6_1-1-695x1024.jpg 695w, https:\/\/grimpo6.org\/wp-content\/uploads\/2021\/08\/GRIMPO_6_1-1-204x300.jpg 204w, https:\/\/grimpo6.org\/wp-content\/uploads\/2021\/08\/GRIMPO_6_1-1-768x1132.jpg 768w, https:\/\/grimpo6.org\/wp-content\/uploads\/2021\/08\/GRIMPO_6_1-1-1042x1536.jpg 1042w, https:\/\/grimpo6.org\/wp-content\/uploads\/2021\/08\/GRIMPO_6_1-1-1389x2048.jpg 1389w, https:\/\/grimpo6.org\/wp-content\/uploads\/2021\/08\/GRIMPO_6_1-1-600x884.jpg 600w, https:\/\/grimpo6.org\/wp-content\/uploads\/2021\/08\/GRIMPO_6_1-1-945x1393.jpg 945w, https:\/\/grimpo6.org\/wp-content\/uploads\/2021\/08\/GRIMPO_6_1-1-scaled.jpg 1737w\" sizes=\"auto, (max-width: 695px) 100vw, 695px\" \/><\/figure><div class=\"wp-block-media-text__content\">\n<ul class=\"wp-block-list\">\n<li><strong>lundi 18h30 &#8211; 22h30<\/strong><\/li>\n\n\n\n<li><strong>mardi 20h &#8211; 22h30<\/strong> (r\u00e9serv\u00e9 aux enfants de 18h30 \u00e0 20h)<\/li>\n\n\n\n<li><strong>mercredi 18h30 &#8211; 22h30<\/strong><\/li>\n\n\n\n<li><strong>jeudi 18h30 &#8211; 22h30<\/strong><\/li>\n\n\n\n<li><strong>vendredi 20h &#8211; 22h30 <\/strong>(r\u00e9serv\u00e9 aux enfants de 18h30 \u00e0 20h)<\/li>\n\n\n\n<li><strong>samedi 13h &#8211; 18h30 <\/strong><\/li>\n\n\n\n<li><strong>dimanche 12h &#8211; 18h<\/strong><\/li>\n<\/ul>\n<\/div><\/div>\n\n\n\n<p><br>\ud83d\udcc5 Planning d&rsquo;ouverture disponible <a href=\"https:\/\/docs.google.com\/spreadsheets\/d\/1u5PeTJOfnnorcI0hsOfpBC8p9i6eOomZHegmB6UK6VA\/edit#gid=0\" target=\"_blank\" rel=\"noreferrer noopener\">sur ce lien<\/a> <br><em><span class=\"has-inline-color has-accent-color\">(attention : certains jours de week-end, le mur est ferm\u00e9 pour cause de comp\u00e9tition de volley dans le gymnase)<\/span><\/em><\/p>\n\n\n\n<p>Le gymnase, situ\u00e9 dans le lyc\u00e9e Montaigne, est<strong> ferm\u00e9 pendant les vacances scolaires<\/strong>.<\/p>\n\n\n\n<p>Ces cr\u00e9neaux sont accessibles en permanence \u00e0 tout adulte membre de Grimpo6 <strong>ayant valid\u00e9 son autonomie et ayant sa licence FSGT.<\/strong><\/p>\n\n\n\n<p><em>Ces cr\u00e9neaux sont \u00e9galement accessibles aux enfants venant avec leurs parents, eux-m\u00eames membres autonomes de Grimpo6.<\/em><\/p>\n\n\n\n<hr class=\"wp-block-separator has-css-opacity\"\/>\n\n\n\n<h4 class=\"wp-block-heading has-accent-color has-text-color\"><strong>Grimpe chez les VOISINS FSGT<\/strong><\/h4>\n\n\n\n<p>Le mur Grimpo6 est ouvert aux voisins FSGT (<em>adh\u00e9rents FSGT ext\u00e9rieurs \u00e0 Grimpo6<\/em>) <strong>tous les jours<\/strong>.<\/p>\n\n\n\n<p>\ud83d\udcc5 Les cr\u00e9neaux des autres associations FSGT sont disponibles <a href=\"https:\/\/docs.google.com\/spreadsheets\/d\/1Ne8EcecR114npRqZG9SS3435R9BuQguCIasvHMlVI4U\/edit?pli=1&amp;gid=1177394252#gid=1177394252\" target=\"_blank\" rel=\"noreferrer noopener\">sur ce lien<\/a>.<\/p>\n\n\n\n<hr class=\"wp-block-separator has-css-opacity\"\/>\n\n\n\n<h4 class=\"wp-block-heading has-accent-color has-text-color\"><strong>ENFANTS<\/strong><\/h4>\n\n\n\n<div class=\"wp-block-media-text alignwide is-stacked-on-mobile\" style=\"grid-template-columns:15% auto\"><figure class=\"wp-block-media-text__media\"><img loading=\"lazy\" decoding=\"async\" width=\"695\" height=\"1024\" src=\"https:\/\/grimpo6.org\/wp-content\/uploads\/2021\/08\/GRIMPO_6_1-1-695x1024.jpg\" alt=\"\" class=\"wp-image-1973 size-full\" srcset=\"https:\/\/grimpo6.org\/wp-content\/uploads\/2021\/08\/GRIMPO_6_1-1-695x1024.jpg 695w, https:\/\/grimpo6.org\/wp-content\/uploads\/2021\/08\/GRIMPO_6_1-1-204x300.jpg 204w, https:\/\/grimpo6.org\/wp-content\/uploads\/2021\/08\/GRIMPO_6_1-1-768x1132.jpg 768w, https:\/\/grimpo6.org\/wp-content\/uploads\/2021\/08\/GRIMPO_6_1-1-1042x1536.jpg 1042w, https:\/\/grimpo6.org\/wp-content\/uploads\/2021\/08\/GRIMPO_6_1-1-1389x2048.jpg 1389w, https:\/\/grimpo6.org\/wp-content\/uploads\/2021\/08\/GRIMPO_6_1-1-600x884.jpg 600w, https:\/\/grimpo6.org\/wp-content\/uploads\/2021\/08\/GRIMPO_6_1-1-945x1393.jpg 945w, https:\/\/grimpo6.org\/wp-content\/uploads\/2021\/08\/GRIMPO_6_1-1-scaled.jpg 1737w\" sizes=\"auto, (max-width: 695px) 100vw, 695px\" \/><\/figure><div class=\"wp-block-media-text__content\">\n<p><strong>Les cr\u00e9neaux enfants&nbsp;encadr\u00e9s <\/strong>(par les parents et des b\u00e9n\u00e9voles) :<\/p>\n\n\n\n<ul class=\"wp-block-list\">\n<li>le <strong>mardi de 18h30 \u00e0 20h<\/strong><\/li>\n\n\n\n<li>le <strong>vendredi de 18h30 \u00e0 20h<\/strong><\/li>\n<\/ul>\n<\/div><\/div>\n\n\n\n<p>Les enfants peuvent par ailleurs grimper sous la responsabilit\u00e9 de leurs parents, \u00e0 tout moment lors des cr\u00e9neaux de grimpe libre\u2026 <b>SI<\/b> leurs parents sont membres de Grimpo6 et ont \u00e9t\u00e9 d\u00e9clar\u00e9s autonomes.<\/p>\n\n\n\n<hr class=\"wp-block-separator has-css-opacity\"\/>\n\n\n\n<p class=\"has-accent-color has-text-color\"><strong>Aucune personne ext\u00e9rieure au club n\u2019est autoris\u00e9e \u00e0 rentrer<\/strong>, m\u00eame s\u2019il s\u2019agit d\u2019un ami ou d\u2019un bon grimpeur <em>(sauf exception pour la grimpe chez les voisins FSGT, voir ci-dessus).<\/em><\/p>\n\n\n\n<p>Nous rappelons l\u2019importance immense d\u2019avoir des excellentes relations avec le personnel du gymnase, du lyc\u00e9e et de la Mairie de Paris. Tout souci aurait forc\u00e9ment des cons\u00e9quences n\u00e9gatives sur nos cr\u00e9neaux. <strong>Soyons tous garants des r\u00e8gles et d\u2019un bon comportement r\u00e9duisant au maximum tout risque.<\/strong><\/p>\n\n\n\n<p>Nous rappelons qu\u2019il existe une confiance immense entre les clubs FSGT et qu\u2019il est impossible d\u2019imaginer grimper dans les autres clubs en-dehors des cr\u00e9neaux ouverts. Les risques sont la d\u00e9t\u00e9rioration de cette confiance, la fin du syst\u00e8me \u00ab\u00a0grimpe chez les voisins FSGT\u00a0\u00bb et le retrait de la licence des membres concern\u00e9s.<\/p>\n","protected":false},"excerpt":{"rendered":"<p>ADULTES Les cr\u00e9neaux adultes en grimpe libre : \ud83d\udcc5 Planning d&rsquo;ouverture disponible sur ce lien (attention : certains jours de week-end, le mur est ferm\u00e9 pour cause de comp\u00e9tition de volley dans le gymnase) Le gymnase, situ\u00e9 dans le lyc\u00e9e&#8230; <a class=\"more-link\" href=\"https:\/\/grimpo6.org\/index.php\/lassociation-presentation\/horaires\/\">Continue Reading &rarr;<\/a><\/p>\n","protected":false},"author":11,"featured_media":0,"parent":185,"menu_order":0,"comment_status":"closed","ping_status":"closed","template":"","meta":{"footnotes":""},"class_list":["post-302","page","type-page","status-publish","hentry"],"_links":{"self":[{"href":"https:\/\/grimpo6.org\/index.php\/wp-json\/wp\/v2\/pages\/302","targetHints":{"allow":["GET"]}}],"collection":[{"href":"https:\/\/grimpo6.org\/index.php\/wp-json\/wp\/v2\/pages"}],"about":[{"href":"https:\/\/grimpo6.org\/index.php\/wp-json\/wp\/v2\/types\/page"}],"author":[{"embeddable":true,"href":"https:\/\/grimpo6.org\/index.php\/wp-json\/wp\/v2\/users\/11"}],"replies":[{"embeddable":true,"href":"https:\/\/grimpo6.org\/index.php\/wp-json\/wp\/v2\/comments?post=302"}],"version-history":[{"count":60,"href":"https:\/\/grimpo6.org\/index.php\/wp-json\/wp\/v2\/pages\/302\/revisions"}],"predecessor-version":[{"id":3510,"href":"https:\/\/grimpo6.org\/index.php\/wp-json\/wp\/v2\/pages\/302\/revisions\/3510"}],"up":[{"embeddable":true,"href":"https:\/\/grimpo6.org\/index.php\/wp-json\/wp\/v2\/pages\/185"}],"wp:attachment":[{"href":"https:\/\/grimpo6.org\/index.php\/wp-json\/wp\/v2\/media?parent=302"}],"curies":[{"name":"wp","href":"https:\/\/api.w.org\/{rel}","templated":true}]}}