{"id":376,"date":"2018-08-01T10:48:33","date_gmt":"2018-08-01T08:48:33","guid":{"rendered":"http:\/\/grimpo6.org\/?page_id=376"},"modified":"2021-08-12T10:14:57","modified_gmt":"2021-08-12T08:14:57","slug":"la-charte-du-grimpeur-grimpo6","status":"publish","type":"page","link":"https:\/\/grimpo6.org\/index.php\/lassociation-presentation\/la-charte-du-grimpeur-grimpo6\/","title":{"rendered":"La charte du grimpeur Grimpo6"},"content":{"rendered":"\n<p class=\"has-text-color has-accent-color\">Bienvenue au sein de <strong>Grimpo6<\/strong>&nbsp;!<\/p>\n\n\n\n<div class=\"wp-block-media-text alignwide is-stacked-on-mobile\" style=\"grid-template-columns:15% auto\"><figure class=\"wp-block-media-text__media\"><img loading=\"lazy\" decoding=\"async\" width=\"695\" height=\"1024\" src=\"https:\/\/grimpo6.org\/wp-content\/uploads\/2021\/08\/GRIMPO_6_1-1-695x1024.jpg\" alt=\"\" class=\"wp-image-1973\" srcset=\"https:\/\/grimpo6.org\/wp-content\/uploads\/2021\/08\/GRIMPO_6_1-1-695x1024.jpg 695w, https:\/\/grimpo6.org\/wp-content\/uploads\/2021\/08\/GRIMPO_6_1-1-204x300.jpg 204w, https:\/\/grimpo6.org\/wp-content\/uploads\/2021\/08\/GRIMPO_6_1-1-768x1132.jpg 768w, https:\/\/grimpo6.org\/wp-content\/uploads\/2021\/08\/GRIMPO_6_1-1-1042x1536.jpg 1042w, https:\/\/grimpo6.org\/wp-content\/uploads\/2021\/08\/GRIMPO_6_1-1-1389x2048.jpg 1389w, https:\/\/grimpo6.org\/wp-content\/uploads\/2021\/08\/GRIMPO_6_1-1-600x884.jpg 600w, https:\/\/grimpo6.org\/wp-content\/uploads\/2021\/08\/GRIMPO_6_1-1-945x1393.jpg 945w, https:\/\/grimpo6.org\/wp-content\/uploads\/2021\/08\/GRIMPO_6_1-1-scaled.jpg 1737w\" sizes=\"auto, (max-width: 695px) 100vw, 695px\" \/><\/figure><div class=\"wp-block-media-text__content\">\n<p>Nous avons plein d\u2019objectifs, de projets, de valeurs et d\u2019amiti\u00e9s \u00e0 partager. La s\u00e9curit\u00e9 et la biens\u00e9ance sont primordiales pour la vie de notre association \ud83d\ude42<\/p>\n\n\n\n<p><strong>Voici ci-dessous quelques indications et pr\u00e9cisions concernant : le comportement \u00e0 suivre lors des s\u00e9ances de grimpe, la s\u00e9curit\u00e9 et la vie associative.<\/strong><\/p>\n<\/div><\/div>\n\n\n\n<hr class=\"wp-block-separator\"\/>\n\n\n\n<h4 class=\"has-accent-color has-text-color wp-block-heading\">Concernant le comportement de chaque membre&nbsp;:<\/h4>\n\n\n\n<p>Au sein de Grimpo6, tous les membres sont \u00e9gaux en droit mais aussi en responsabilit\u00e9.<\/p>\n\n\n\n<ul class=\"wp-block-list\"><li>Je respecte scrupuleusement les horaires de d\u00e9but de s\u00e9ance<\/li><li>J\u2019arrive au mur, je dis bonjour au gardien !<\/li><li>Je suis le 1er arriv\u00e9 : je signe la feuille de pr\u00e9sence aupr\u00e8s du gardien et je suis donc responsable de l\u2019ouverture de la s\u00e9ance<\/li><li>Si n\u00e9cessaire, je r\u00e9cup\u00e8re dans le casier le mat\u00e9riel pour la s\u00e9ance<\/li><li>Je suis disponible pour les autres grimpeurs et pr\u00eat \u00e0 partager ce moment de convivialit\u00e9<\/li><li>Je suis attentif \u00e0 ne pas d\u00e9ranger les autres utilisateurs du gymnase<\/li><li>En fin de s\u00e9ance, je m\u2019assure qu\u2019il n\u2019y a plus de d\u00e9gaines Grimpo6 sur le mur, qu\u2019elles ont bien \u00e9t\u00e9 rang\u00e9es dans le casier, et que les cordes sont en place (<em>lov\u00e9es<\/em>) dans chacune des voies (en v\u00e9rifiant qu\u2019elles passent bien dans les 2 mousquetons du relais)<\/li><li>Je respecte scrupuleusement les horaires de fin de s\u00e9ance et me mobilise pour que les autres en fassent de m\u00eame<\/li><li>En partant, si je suis le dernier, je signe la feuille de pr\u00e9sence au bureau du gardien<\/li><li>Je dis au revoir au gardien \ud83d\ude42<\/li><\/ul>\n\n\n\n<hr class=\"wp-block-separator\"\/>\n\n\n\n<h4 class=\"has-accent-color has-text-color wp-block-heading\">Concernant la s\u00e9curit\u00e9&nbsp;:<\/h4>\n\n\n\n<h5 class=\"has-accent-color has-text-color wp-block-heading\"><strong>Au sol :<\/strong><\/h5>\n\n\n\n<ul class=\"wp-block-list\"><li>Le mat\u00e9riel s\u2019use, v\u00e9rifier \u00e0 chaque fois que tout est en bon \u00e9tat<\/li><li>Faire correctement son n\u0153ud d\u2019encordement, ainsi que son n\u0153ud d\u2019arr\u00eat, sans nous laisser distraire \u00e0 ce moment-l\u00e0<\/li><li>Visser son mousqueton<\/li><li>V\u00e9rifier avoir pr\u00e9vu le mat\u00e9riel n\u00e9cessaire<\/li><li>R\u00e9aliser une double v\u00e9rification visuelle et tactile grimpeur\/assureur<\/li><li>Ne jamais assurer quelqu\u2019un qui fait un tiers (1\/3) de plus que son propre poids<\/li><li>Ne pas porter de bijoux pendant la pratique (colliers, montre, bagues, bracelets\u2026). Au cas o\u00f9 je ne puisse pas enlever mon bijou, le prot\u00e9ger avec du STRAPAL (sparadrap vendu en pharmacie)<\/li><li><em><strong>Rappel<\/strong><\/em> : un parent ne pourra \u00eatre responsable que de <strong>2 enfants maximum<\/strong> (tous 3 inscrits \u00e0 Grimpo6)<\/li><\/ul>\n\n\n\n<h5 class=\"has-accent-color has-text-color wp-block-heading\">Dans la voie :<\/h5>\n\n\n\n<ul class=\"wp-block-list\"><li>Mettre toutes les d\u00e9gaines en s\u2019assurant d\u2019\u00eatre en-dessous de chaque point \u00e0 installer<\/li><li>Toujours communiquer avec son assureur<\/li><li>Faire un assurage parfait = parade (\u2192 1\u00e8re d\u00e9gaine), sec hors du couloir de chute (\u2192 3\u00e8me d\u00e9gaine), \u00ab flottant \u00bb de face \u00e0 1 m\u00e8tre du mur maximum (\u2192 haut de la voie)<\/li><li>G\u00e9rer tr\u00e8s attentivement la longueur du mou : accompagner la mont\u00e9e du grimpeur en lui donnant ce qu\u2019il faut. Rien de plus<\/li><li>Toujours avoir la main en bas sur la corde de vie<\/li><li>Ne pas se laisser distraire (bavardages, action d\u2019un autre grimpeur). Le grimpeur a besoin de sentir que son assureur est avec lui et qu\u2019il peut en permanence grimper librement et tomber en toute s\u00e9curit\u00e9<\/li><li>Lorsque le grimpeur est arriv\u00e9 en haut, le risque n\u2019a pas du tout disparu, il faut communiquer et \u00eatre tr\u00e8s attentif. Le grimpeur doit s\u2019assurer d\u2019avoir pass\u00e9 sa corde dans les 2 mousquetons du relais et seulement apr\u00e8s avoir communiqu\u00e9 avec son assureur, ce dernier pourra le faire descendre correctement et en toute s\u00e9curit\u00e9. Beaucoup d\u2019accidents arrivent par manque de communication et d\u2019inattention au sein du bin\u00f4me<\/li><\/ul>\n\n\n\n<p>Aucune de ces r\u00e8gles de s\u00e9curit\u00e9 n\u2019est n\u00e9gociable \u00e0 aucun moment. <strong>Chacun s\u2019engage \u00e0 les respecter et \u00e0 les rappeler<\/strong> sans aucune h\u00e9sitation \u00e0 son entourage si le besoin s\u2019en fait sentir.<\/p>\n\n\n\n<h5 class=\"has-accent-color has-text-color wp-block-heading\"><strong>Principales erreurs \u00e0 avoir en t\u00eate pour ne jamais les commettre&nbsp;:<\/strong><\/h5>\n\n\n\n<ul class=\"wp-block-list\"><li>Grimper en t\u00eate encord\u00e9 sur mousqueton \u00e0 vis<\/li><li>S&rsquo;encorder sur le porte-mat\u00e9riel<\/li><li>Ne pas v\u00e9rifier son n\u0153ud d\u2019encordement<\/li><li>Oublier de v\u00e9rifier la longueur n\u00e9cessaire de la corde en fonction de la voie<\/li><li>Relais : ne pas contr\u00f4ler que le partenaire assure avant de se mettre sur la corde<\/li><li>Assurage trop sec ou avec trop de mou<\/li><li>L\u00e2cher le brin de vie pour quelconque raison<\/li><li>Corde derri\u00e8re la jambe, il faut toujours avoir la corde entre le rocher et la jambe<\/li><li>Pour l\u2019assureur, marcher sur sa corde ou avoir sa corde emm\u00eal\u00e9e<\/li><\/ul>\n\n\n\n<hr class=\"wp-block-separator\"\/>\n\n\n\n<h4 class=\"has-accent-color has-text-color wp-block-heading\">Dans l\u2019association&nbsp;:<\/h4>\n\n\n\n<p><strong>Pratiquer l\u2019escalade au sein de Grimpo6, c\u2019est faire le choix de s\u2019investir dans une association qui repose sur l\u2019autogestion !<\/strong> <br>Il faut donc :<\/p>\n\n\n\n<ul class=\"wp-block-list\"><li>\u00catre un adh\u00e9rent agr\u00e9able et aidant, dans toute situation<\/li><li>S\u2019investir dans un ou plusieurs p\u00f4les organisation\/gestion afin de faire fonctionner l\u2019activit\u00e9 Escalade. Implication et autogestion sont indispensables<\/li><li>Partager les valeurs de la <a href=\"https:\/\/www.fsgt.org\/activites\/escal_mont\" target=\"_blank\" rel=\"noopener noreferrer\">FSGT<\/a> \u00e0 laquelle l\u2019activit\u00e9 escalade de Grimpo6 est affili\u00e9e<\/li><\/ul>\n\n\n\n<p>Tous les membres du bureau Grimpo6 vous souhaitent de trouver du plaisir et encore bien d\u2019autres choses au sein de notre club ! \ud83d\ude42<\/p>\n","protected":false},"excerpt":{"rendered":"<p>Bienvenue au sein de Grimpo6&nbsp;! Nous avons plein d\u2019objectifs, de projets, de valeurs et d\u2019amiti\u00e9s \u00e0 partager. La s\u00e9curit\u00e9 et la biens\u00e9ance sont primordiales pour la vie de notre association \ud83d\ude42 Voici ci-dessous quelques indications et pr\u00e9cisions concernant : le&#8230; <a class=\"more-link\" href=\"https:\/\/grimpo6.org\/index.php\/lassociation-presentation\/la-charte-du-grimpeur-grimpo6\/\">Continue Reading &rarr;<\/a><\/p>\n","protected":false},"author":4,"featured_media":0,"parent":185,"menu_order":0,"comment_status":"closed","ping_status":"closed","template":"","meta":{"footnotes":""},"class_list":["post-376","page","type-page","status-publish","hentry"],"_links":{"self":[{"href":"https:\/\/grimpo6.org\/index.php\/wp-json\/wp\/v2\/pages\/376","targetHints":{"allow":["GET"]}}],"collection":[{"href":"https:\/\/grimpo6.org\/index.php\/wp-json\/wp\/v2\/pages"}],"about":[{"href":"https:\/\/grimpo6.org\/index.php\/wp-json\/wp\/v2\/types\/page"}],"author":[{"embeddable":true,"href":"https:\/\/grimpo6.org\/index.php\/wp-json\/wp\/v2\/users\/4"}],"replies":[{"embeddable":true,"href":"https:\/\/grimpo6.org\/index.php\/wp-json\/wp\/v2\/comments?post=376"}],"version-history":[{"count":13,"href":"https:\/\/grimpo6.org\/index.php\/wp-json\/wp\/v2\/pages\/376\/revisions"}],"predecessor-version":[{"id":1961,"href":"https:\/\/grimpo6.org\/index.php\/wp-json\/wp\/v2\/pages\/376\/revisions\/1961"}],"up":[{"embeddable":true,"href":"https:\/\/grimpo6.org\/index.php\/wp-json\/wp\/v2\/pages\/185"}],"wp:attachment":[{"href":"https:\/\/grimpo6.org\/index.php\/wp-json\/wp\/v2\/media?parent=376"}],"curies":[{"name":"wp","href":"https:\/\/api.w.org\/{rel}","templated":true}]}}