{"id":4219,"date":"2025-11-07T12:52:55","date_gmt":"2025-11-07T11:52:55","guid":{"rendered":"https:\/\/grimpo6.org\/?page_id=4219"},"modified":"2025-11-07T12:52:55","modified_gmt":"2025-11-07T11:52:55","slug":"le-role-du-referent-du-mur-chez-grimpo6","status":"publish","type":"page","link":"https:\/\/grimpo6.org\/index.php\/le-role-du-referent-du-mur-chez-grimpo6\/","title":{"rendered":"Le r\u00f4le du r\u00e9f\u00e9rent du mur chez Grimpo6"},"content":{"rendered":"\n<p class=\"has-accent-color has-text-color has-link-color wp-elements-4bada07acfecc3291a4f1a14afb48b46\"><strong>Chez Grimpo6, une fois valid\u00e9s autonomes, <\/strong><strong>nous pouvons TOUS \u00eatre r\u00e9f\u00e9rents du mur<\/strong> (si nous avons \u00e9t\u00e9 valid\u00e9s autonomes).<\/p>\n\n\n\n<p>En effet, \u00e0 la FSGT, nous partageons tous la valeur de \u00ab\u00a0responsabilit\u00e9\u00a0\u00bb. Cela signifie qu\u2019on est <strong>responsable de soi et des autres\u00a0grimpeurs<\/strong>. On peut \u00eatre r\u00e9f\u00e9rent du mur une heure, 2 heures\u2026 ou plus\u00a0!<\/p>\n\n\n\n<p><strong>\ud83d\uddd3\ufe0f Noter votre nom <\/strong><a href=\"https:\/\/docs.google.com\/spreadsheets\/d\/1u5PeTJOfnnorcI0hsOfpBC8p9i6eOomZHegmB6UK6VA\/edit?usp=sharing\"><strong>sur le planning du gymnase<\/strong><\/a><strong> pour que tout le monde soit inform\u00e9 avant la s\u00e9ance !\u00a0<\/strong><br>Cela permet aux grimpeurs \u00ab\u00a0sans bin\u00f4me\u00a0\u00bb de se joindre aux personnes pr\u00e9sentes au mur, et aux voisins FSGT de venir grimper (tous nos cr\u00e9neaux sont ouverts aux voisins).<\/p>\n\n\n\n<p><strong>\ud83e\udd13 \ud83e\uddd7 Le r\u00f4le du r\u00e9f\u00e9rent du mur \u00e0 chaque s\u00e9ance :<\/strong><\/p>\n\n\n\n<p class=\"has-white-color has-accent-background-color has-text-color has-background has-link-color wp-elements-b9d8797e602c71ffadb6b59aa7c8790f\"><strong>Tout au long de la s\u00e9ance&nbsp;:<\/strong><\/p>\n\n\n\n<ul class=\"wp-block-list\">\n<li><strong>Se pr\u00e9senter \u00e0 l\u2019accueil du gymnase et signer la feuille \u00e0 l\u2019entr\u00e9e.<\/strong><\/li>\n\n\n\n<li><strong>S\u2019assurer que les grimpeurs :\u00a0<\/strong>\n<ul class=\"wp-block-list\">\n<li><strong>portent leur porte-badge Grimpo6 (ou autre club FSGT) avec licence \u00e0 jour <\/strong>(cela confirme qu\u2019ils sont bien autonomes),<\/li>\n\n\n\n<li>respectent les r\u00e8gles de s\u00e9curit\u00e9 (notamment l\u2019assurage) > <strong>ne pas h\u00e9siter \u00e0 reprendre les grimpeurs s&rsquo;ils font des erreurs,<\/strong><\/li>\n\n\n\n<li><strong>ne changent pas les cordes des lignes<\/strong> (alternance des couleurs de cordes au mur).<\/li>\n<\/ul>\n<\/li>\n\n\n\n<li><strong>V\u00e9rifier l&rsquo;heure<\/strong> pour ne pas finir en retard :\n<ul class=\"wp-block-list\">\n<li>30 min avant la fin : pr\u00e9venir qu&rsquo;il reste 15 min de grimpe,<\/li>\n\n\n\n<li>15 min avant la fin : demander \u00e0 arr\u00eater (le temps de tout ranger).<\/li>\n<\/ul>\n<\/li>\n\n\n\n<li>Si un\/des voisins FSGT sont inscrits\u00a0: accueillir, expliquer le fonctionnement du mur, les inviter \u00e0 grimper avec vous !<\/li>\n<\/ul>\n\n\n\n<p><em>A noter : magn\u00e9sie en poudre interdite, les cordes restent en place, on ne se d\u00e9place pas de relais en relais avec \u00ab\u00a0sa corde\u201d, on n\u2019h\u00e9site pas \u00e0 fermer le rideau pour prot\u00e9ger des autres sports dans le gymnase<\/em>.<\/p>\n\n\n\n<p class=\"has-white-color has-accent-background-color has-text-color has-background has-link-color wp-elements-d484d6992467563fe95481b407908c06\"><strong>A la fin de la s\u00e9ance (22h15 le soir en semaine, cf les horaires pour le week-end)&nbsp;:<\/strong><\/p>\n\n\n\n<ul class=\"wp-block-list\">\n<li><strong>V\u00e9rifier que toutes les cordes sont lov\u00e9es, clipp\u00e9es avec les 2 mousquetons au haut sur le relais et les d\u00e9gaines d\u00e9clips\u00e9es.<\/strong><\/li>\n\n\n\n<li>Ranger le mat\u00e9riel dans l&rsquo;armoire grillag\u00e9e (si vous en avez sorti) et bien fermer cette armoire (en mettant le cadenas \u00e0 l&rsquo;endroit : molette des chiffres visible !)<\/li>\n\n\n\n<li>V\u00e9rifier que le rideau qui prot\u00e8ge le mur des autres sports (volley, foot, \u2026) est bien ouvert.<\/li>\n\n\n\n<li>V\u00e9rifier que rien ne tra\u00eene (mat\u00e9riel ou d\u00e9chets).<\/li>\n\n\n\n<li>En sortant du gymnase : signer la feuille aupr\u00e8s du gardien, en indiquant le nombre de grimpeurs pr\u00e9sents pendant la s\u00e9ance. \/\/ Si vous partez plus t\u00f4t, convenez avec quelqu\u2019un de lui passer le relais et noter son nom en sur la feuille.<\/li>\n<\/ul>\n\n\n\n<p class=\"has-text-align-center has-accent-color has-text-color has-link-color wp-elements-2e926881d5b34c4a8aaafb40437ac496\"><strong>Bonne grimpe !!<\/strong><\/p>\n","protected":false},"excerpt":{"rendered":"<p>Chez Grimpo6, une fois valid\u00e9s autonomes, nous pouvons TOUS \u00eatre r\u00e9f\u00e9rents du mur (si nous avons \u00e9t\u00e9 valid\u00e9s autonomes). En effet, \u00e0 la FSGT, nous partageons tous la valeur de \u00ab\u00a0responsabilit\u00e9\u00a0\u00bb. Cela signifie qu\u2019on est responsable de soi et des&#8230; <a class=\"more-link\" href=\"https:\/\/grimpo6.org\/index.php\/le-role-du-referent-du-mur-chez-grimpo6\/\">Continue Reading &rarr;<\/a><\/p>\n","protected":false},"author":11,"featured_media":0,"parent":0,"menu_order":0,"comment_status":"closed","ping_status":"closed","template":"","meta":{"footnotes":""},"class_list":["post-4219","page","type-page","status-publish","hentry"],"_links":{"self":[{"href":"https:\/\/grimpo6.org\/index.php\/wp-json\/wp\/v2\/pages\/4219","targetHints":{"allow":["GET"]}}],"collection":[{"href":"https:\/\/grimpo6.org\/index.php\/wp-json\/wp\/v2\/pages"}],"about":[{"href":"https:\/\/grimpo6.org\/index.php\/wp-json\/wp\/v2\/types\/page"}],"author":[{"embeddable":true,"href":"https:\/\/grimpo6.org\/index.php\/wp-json\/wp\/v2\/users\/11"}],"replies":[{"embeddable":true,"href":"https:\/\/grimpo6.org\/index.php\/wp-json\/wp\/v2\/comments?post=4219"}],"version-history":[{"count":1,"href":"https:\/\/grimpo6.org\/index.php\/wp-json\/wp\/v2\/pages\/4219\/revisions"}],"predecessor-version":[{"id":4220,"href":"https:\/\/grimpo6.org\/index.php\/wp-json\/wp\/v2\/pages\/4219\/revisions\/4220"}],"wp:attachment":[{"href":"https:\/\/grimpo6.org\/index.php\/wp-json\/wp\/v2\/media?parent=4219"}],"curies":[{"name":"wp","href":"https:\/\/api.w.org\/{rel}","templated":true}]}}