{"id":629,"date":"2019-02-17T19:12:30","date_gmt":"2019-02-17T18:12:30","guid":{"rendered":"http:\/\/grimpo6.org\/?page_id=629"},"modified":"2025-11-06T13:49:11","modified_gmt":"2025-11-06T12:49:11","slug":"inscriptions","status":"publish","type":"page","link":"https:\/\/grimpo6.org\/index.php\/lassociation-presentation\/inscriptions\/","title":{"rendered":"Inscriptions"},"content":{"rendered":"\n<div class=\"wp-block-media-text alignwide is-stacked-on-mobile\" style=\"grid-template-columns:15% auto\"><figure class=\"wp-block-media-text__media\"><img loading=\"lazy\" decoding=\"async\" width=\"695\" height=\"1024\" src=\"https:\/\/grimpo6.org\/wp-content\/uploads\/2021\/08\/GRIMPO_6_1-3-695x1024.jpg\" alt=\"\" class=\"wp-image-1986 size-full\" srcset=\"https:\/\/grimpo6.org\/wp-content\/uploads\/2021\/08\/GRIMPO_6_1-3-695x1024.jpg 695w, https:\/\/grimpo6.org\/wp-content\/uploads\/2021\/08\/GRIMPO_6_1-3-204x300.jpg 204w, https:\/\/grimpo6.org\/wp-content\/uploads\/2021\/08\/GRIMPO_6_1-3-768x1132.jpg 768w, https:\/\/grimpo6.org\/wp-content\/uploads\/2021\/08\/GRIMPO_6_1-3-1042x1536.jpg 1042w, https:\/\/grimpo6.org\/wp-content\/uploads\/2021\/08\/GRIMPO_6_1-3-1389x2048.jpg 1389w, https:\/\/grimpo6.org\/wp-content\/uploads\/2021\/08\/GRIMPO_6_1-3-600x884.jpg 600w, https:\/\/grimpo6.org\/wp-content\/uploads\/2021\/08\/GRIMPO_6_1-3-945x1393.jpg 945w, https:\/\/grimpo6.org\/wp-content\/uploads\/2021\/08\/GRIMPO_6_1-3-scaled.jpg 1737w\" sizes=\"auto, (max-width: 695px) 100vw, 695px\" \/><\/figure><div class=\"wp-block-media-text__content\">\n<p>Chez Grimpo6 nous organisons <strong>une session d&rsquo;inscription par an<\/strong>, fin ao\u00fbt.<\/p>\n\n\n\n<p class=\"has-text-align-center has-white-color has-accent-background-color has-text-color has-background has-link-color wp-elements-afc19e9c9a65a8a82afe1c3013ead5c0\"><strong>Inscriptions ADULTES &amp; ENFANTS :<\/strong> <br>prochaines inscriptions fin ao\u00fbt 2026<\/p>\n\n\n\n<p>L&rsquo;inscription se fait en ligne, avec paiement par CB. Et il est obligatoire de fournir le certificat de non contre indication \u00e0 la pratique sportive (disponible <a href=\"https:\/\/www.fsgt.org\/affiliation\/certificat-medical-non-contre-indication\/\" data-type=\"link\" data-id=\"https:\/\/www.fsgt.org\/affiliation\/certificat-medical-non-contre-indication\/\" target=\"_blank\" rel=\"noreferrer noopener\">sur le site de la FSGT<\/a>).<br><br>D\u00e8s votre arriv\u00e9e dans le club, en tant que nouveau membre vous devez <strong>faire valider votre autonomie, ou suivre des sessions de formation<\/strong> si vous \u00eates d\u00e9butants (3 minimum).<br><br><em><strong>A noter !<\/strong><br><\/em><strong>Une r\u00e9union d&rsquo;accueil <\/strong>est organis\u00e9e d\u00e9but septembre pour pr\u00e9senter l&rsquo;association et se rencontrer. Et vous \u00eates invit\u00e9s \u00e0 <strong>une sortie \u00e0 Fontainebleau<\/strong> avec les anciens et nouveaux membres !<\/p>\n\n\n\n<p class=\"has-white-color has-accent-background-color has-text-color has-background has-link-color wp-elements-7d5f3295c06e593b2d6f03192d83f7de\">Liste de l&rsquo;\u00e9quipement pour grimper au gymnase :<a href=\"https:\/\/grimpo6.org\/index.php\/lassociation-presentation\/le-mur\/\" target=\"_blank\" rel=\"noreferrer noopener\"> sur cette page.<\/a><\/p>\n<\/div><\/div>\n\n\n\n<hr class=\"wp-block-separator has-css-opacity\"\/>\n\n\n\n<p class=\"has-accent-color has-text-color\"><strong>Vie de notre association &amp; b\u00e9n\u00e9volat<\/strong><\/p>\n\n\n\n<p><strong>Grimpo6<\/strong> est une association loi 1901, et n&rsquo;offre pas un \u00ab\u00a0service\u00a0\u00bb comme certaines salles priv\u00e9es. Nos activit\u00e9s sont enti\u00e8rement assur\u00e9es par nos <strong>membres b\u00e9n\u00e9voles<\/strong> !<br>En adh\u00e9rent \u00e0 l&rsquo;association, vous comprenez que votre implication est <strong>essentielle<\/strong> et d\u00e9terminante pour l&rsquo;avenir du club \ud83d\ude42<br><strong>Participer \u00e0 la vie du club c&rsquo;est \u00e9videmment aussi l&rsquo;occasion de prendre part \u00e0 sa dimension sociale, amicale dans une ambiance chaleureuse !<\/strong><\/p>\n\n\n\n<hr class=\"wp-block-separator has-css-opacity\"\/>\n\n\n\n<h4 class=\"wp-block-heading has-accent-color has-text-color\">Cotisation annuelle<\/h4>\n\n\n\n<p><strong>3 tarifs sont propos\u00e9s en fonction des moyens de chacun<\/strong> (ceux qui paient la cotisation solidaire &#8211; voire plus s&rsquo;ils le souhaitent &#8211; permettront \u00e0 d&rsquo;autres de choisir la cotisation r\u00e9duite). <br><em>Le co\u00fbt total est compos\u00e9 du prix de la <a href=\"https:\/\/www.fsgt.org\/federal\/adh%C3%A9rer-%C3%A0-la-fsgt-tarifs-2022-2023\" target=\"_blank\" rel=\"noreferrer noopener\">licence annuelle FSGT<\/a> et de la cotisation Grimpo6.<\/em><\/p>\n\n\n\n<ul class=\"wp-block-list\">\n<li><span style=\"color: initial; font-family: -apple-system, BlinkMacSystemFont, &quot;Segoe UI&quot;, Roboto, Oxygen-Sans, Ubuntu, Cantarell, &quot;Helvetica Neue&quot;, sans-serif;\">La <\/span><mark style=\"font-family: -apple-system, BlinkMacSystemFont, &quot;Segoe UI&quot;, Roboto, Oxygen-Sans, Ubuntu, Cantarell, &quot;Helvetica Neue&quot;, sans-serif; background-color: rgba(0, 0, 0, 0);\" class=\"has-inline-color has-accent-color\">cotisation <strong>solidaire<\/strong><\/mark><span style=\"color: initial; font-family: -apple-system, BlinkMacSystemFont, &quot;Segoe UI&quot;, Roboto, Oxygen-Sans, Ubuntu, Cantarell, &quot;Helvetica Neue&quot;, sans-serif;\"><strong> <\/strong>pour les plus chanceux (et g\u00e9n\u00e9reux). Adultes &amp; Enfants : <\/span>\u00e0 partir de <strong style=\"color: initial; font-family: -apple-system, BlinkMacSystemFont, &quot;Segoe UI&quot;, Roboto, Oxygen-Sans, Ubuntu, Cantarell, &quot;Helvetica Neue&quot;, sans-serif;\">80\u20ac<\/strong><\/li>\n\n\n\n<li>La <mark style=\"background-color:rgba(0, 0, 0, 0)\" class=\"has-inline-color has-accent-color\">cotisation <strong>standard<\/strong><\/mark> pour tous les autres. Adultes &amp; Enfants : \u00e0 partir de <strong>60\u20ac<\/strong><\/li>\n\n\n\n<li>La <mark style=\"background-color:rgba(0, 0, 0, 0)\" class=\"has-inline-color has-accent-color\">cotisation <strong>r\u00e9duite<\/strong><\/mark> pour les petites bourses. Adultes &amp; Enfants : \u00e0 partir de <strong>40\u20ac<\/strong><\/li>\n<\/ul>\n","protected":false},"excerpt":{"rendered":"<p>Chez Grimpo6 nous organisons une session d&rsquo;inscription par an, fin ao\u00fbt. Inscriptions ADULTES &amp; ENFANTS : prochaines inscriptions fin ao\u00fbt 2026 L&rsquo;inscription se fait en ligne, avec paiement par CB. Et il est obligatoire de fournir le certificat de non&#8230; <a class=\"more-link\" href=\"https:\/\/grimpo6.org\/index.php\/lassociation-presentation\/inscriptions\/\">Continue Reading &rarr;<\/a><\/p>\n","protected":false},"author":2,"featured_media":0,"parent":185,"menu_order":0,"comment_status":"closed","ping_status":"closed","template":"","meta":{"footnotes":""},"class_list":["post-629","page","type-page","status-publish","hentry"],"_links":{"self":[{"href":"https:\/\/grimpo6.org\/index.php\/wp-json\/wp\/v2\/pages\/629","targetHints":{"allow":["GET"]}}],"collection":[{"href":"https:\/\/grimpo6.org\/index.php\/wp-json\/wp\/v2\/pages"}],"about":[{"href":"https:\/\/grimpo6.org\/index.php\/wp-json\/wp\/v2\/types\/page"}],"author":[{"embeddable":true,"href":"https:\/\/grimpo6.org\/index.php\/wp-json\/wp\/v2\/users\/2"}],"replies":[{"embeddable":true,"href":"https:\/\/grimpo6.org\/index.php\/wp-json\/wp\/v2\/comments?post=629"}],"version-history":[{"count":67,"href":"https:\/\/grimpo6.org\/index.php\/wp-json\/wp\/v2\/pages\/629\/revisions"}],"predecessor-version":[{"id":4177,"href":"https:\/\/grimpo6.org\/index.php\/wp-json\/wp\/v2\/pages\/629\/revisions\/4177"}],"up":[{"embeddable":true,"href":"https:\/\/grimpo6.org\/index.php\/wp-json\/wp\/v2\/pages\/185"}],"wp:attachment":[{"href":"https:\/\/grimpo6.org\/index.php\/wp-json\/wp\/v2\/media?parent=629"}],"curies":[{"name":"wp","href":"https:\/\/api.w.org\/{rel}","templated":true}]}}