{"id":631,"date":"2019-02-17T19:12:59","date_gmt":"2019-02-17T18:12:59","guid":{"rendered":"http:\/\/grimpo6.org\/?page_id=631"},"modified":"2025-11-07T14:13:00","modified_gmt":"2025-11-07T13:13:00","slug":"le-mur","status":"publish","type":"page","link":"https:\/\/grimpo6.org\/index.php\/lassociation-presentation\/le-mur\/","title":{"rendered":"Le mur &#038; mat\u00e9riel"},"content":{"rendered":"\n<p class=\"has-text-align-center has-accent-color has-text-color has-large-font-size\"><strong>\ud83e\uddd7\ud83c\udffb\u200d\u2642\ufe0f 17 lignes de 6,5 m\u00e8tres de hauteur<br>45 voies (du 4 au 7B)<\/strong><\/p>\n\n\n\n<p class=\"has-text-align-center\">\u23f1 <strong>Horaires :<\/strong> toutes les infos <a href=\"https:\/\/grimpo6.org\/index.php\/informations\/horaires\/\" target=\"_blank\" rel=\"noreferrer noopener\">sur cette page<\/a><\/p>\n\n\n\n<hr class=\"wp-block-separator has-css-opacity\"\/>\n\n\n\n<div class=\"wp-block-columns are-vertically-aligned-center is-layout-flex wp-container-core-columns-is-layout-9d6595d7 wp-block-columns-is-layout-flex\">\n<div class=\"wp-block-column is-vertically-aligned-center is-layout-flow wp-block-column-is-layout-flow\" style=\"flex-basis:33.33%\">\n<p class=\"has-text-align-center\"><strong>&nbsp;\ud83d\udccdGymnase du lyc\u00e9e Montaigne<\/strong><br>15, rue Auguste Comte<br>75006 Paris<br>(RER Luxembourg)<\/p>\n<\/div>\n\n\n\n<div class=\"wp-block-column is-layout-flow wp-block-column-is-layout-flow\"><\/div>\n\n\n\n<div class=\"wp-block-column is-vertically-aligned-center is-layout-flow wp-block-column-is-layout-flow\" style=\"flex-basis:66.66%\">\n<figure><iframe loading=\"lazy\" style=\"border: 0;\" src=\"https:\/\/www.google.com\/maps\/embed?pb=!1m14!1m8!1m3!1d10502.974232885375!2d2.334808!3d48.84403!3m2!1i1024!2i768!4f13.1!3m3!1m2!1s0x0%3A0xb007f483a206d986!2sLyc%C3%A9e-Coll%C3%A8ge+Montaigne!5e0!3m2!1sfr!2sfr!4v1557333387265!5m2!1sfr!2sfr\" width=\"400\" height=\"225\" frameborder=\"0\" allowfullscreen=\"allowfullscreen\"><\/iframe><\/figure>\n\n\n\n<p><\/p>\n<\/div>\n<\/div>\n\n\n\n<div class=\"wp-block-group\"><div class=\"wp-block-group__inner-container is-layout-flow wp-block-group-is-layout-flow\"><\/div><\/div>\n\n\n\n<hr class=\"wp-block-separator has-css-opacity\"\/>\n\n\n\n<h4 class=\"wp-block-heading has-accent-color has-text-color\">La liste du mat\u00e9riel pour grimper :<\/h4>\n\n\n\n<p class=\"has-white-color has-accent-background-color has-text-color has-background has-link-color wp-elements-9325c642bb08dda87047b257775cf584\"><strong>Chaque membre Grimpo6 doit \u00eatre \u00e9quip\u00e9 avec son propre mat\u00e9riel, d\u00e8s son inscription \u00e0 l\u2019association. <\/strong>Ce mat\u00e9riel doit \u00eatre conforme, en bon \u00e9tat et suivi (entretien, v\u00e9rification et respect des dur\u00e9es de vie du fabricant).<\/p>\n\n\n\n<div class=\"wp-block-columns is-layout-flex wp-container-core-columns-is-layout-9d6595d7 wp-block-columns-is-layout-flex\">\n<div class=\"wp-block-column is-layout-flow wp-block-column-is-layout-flow\">\n<ul class=\"wp-block-list\">\n<li><strong>Un baudrier<\/strong> (les baudriers avec 2 petits pontets reli\u00e9s par un pontet mobile sont beaucoup plus confortables, \u00e0 porter et en cas de chute. Orientez-vous vers ce type de baudrier)<\/li>\n\n\n\n<li><strong>Un descendeur<\/strong> (type <em>reverso<\/em>)<\/li>\n\n\n\n<li><strong>Un mousqueton \u00e0 vis<\/strong><\/li>\n\n\n\n<li><strong>Une paire de chaussons confortable<\/strong> (confortable = confortable !)<\/li>\n<\/ul>\n<\/div>\n\n\n\n<div class=\"wp-block-column is-layout-flow wp-block-column-is-layout-flow\">\n<p><br>Par ailleurs, les cheveux longs doivent \u00eatre attach\u00e9s, les bijoux enlev\u00e9s ou strapp\u00e9s, les ongles coup\u00e9s (pour les pieds comme pour les mains).<br>Choisir une tenue qui ne g\u00eane pas les mouvements amples.<\/p>\n\n\n\n<p>Et n&rsquo;h\u00e9sitez pas \u00e0 ramener \u00e0 boire et \u00e0 grignoter \ud83d\ude09<\/p>\n<\/div>\n<\/div>\n\n\n\n<div class=\"wp-block-columns is-layout-flex wp-container-core-columns-is-layout-9d6595d7 wp-block-columns-is-layout-flex\">\n<div class=\"wp-block-column is-layout-flow wp-block-column-is-layout-flow\">\n<p class=\"has-text-align-center has-accent-color has-text-color has-link-color wp-elements-6cb7d2946d648f7e91214bee9c1bbb2b\"><em><strong>Une question ? Besoin d&rsquo;un conseil ? Contactez nous !<\/strong><\/em><\/p>\n<\/div>\n<\/div>\n\n\n\n<hr class=\"wp-block-separator has-alpha-channel-opacity\"\/>\n\n\n\n<p class=\"has-accent-color has-text-color\"><strong>!! Bon \u00e0 savoir : en tant que licenci\u00e9s FSGT, nos membres b\u00e9n\u00e9ficient de 15 % de r\u00e9duction Au Vieux Campeur<\/strong>.<\/p>\n\n\n\n<div class=\"wp-block-media-text has-media-on-the-right is-stacked-on-mobile\" style=\"grid-template-columns:auto 26%\"><div class=\"wp-block-media-text__content\">\n<p class=\"has-medium-gray-color has-text-color\"><em>Conditions :<\/em><\/p>\n\n\n\n<ul class=\"wp-block-list\">\n<li><em>Lors du premier passage en boutique se pr\u00e9senter \u00e0 la caisse principale de votre magasin Au\u00a0Vieux\u00a0Campeur\u00a0avec votre licence FSGT en cours de validit\u00e9 + une pi\u00e8ce d\u2019identit\u00e9 pour la cr\u00e9ation de votre compt<\/em>e,<\/li>\n\n\n\n<li><em>Avoir sa carte FSGT en cours de validit\u00e9 pour chaque passage en caisse<\/em>,<\/li>\n\n\n\n<li><em>Votre compte se fermera automatiquement \u00e0 la date de fin de validit\u00e9 de votre carte FSGT, pour le r\u00e9activer, il vous suffit de pr\u00e9senter votre nouvelle carte<\/em>.<\/li>\n<\/ul>\n<\/div><figure class=\"wp-block-media-text__media\"><img loading=\"lazy\" decoding=\"async\" width=\"1024\" height=\"315\" src=\"https:\/\/grimpo6.org\/wp-content\/uploads\/2023\/10\/logo-1024x315.png\" alt=\"\" class=\"wp-image-3363 size-full\" srcset=\"https:\/\/grimpo6.org\/wp-content\/uploads\/2023\/10\/logo-1024x315.png 1024w, https:\/\/grimpo6.org\/wp-content\/uploads\/2023\/10\/logo-300x92.png 300w, https:\/\/grimpo6.org\/wp-content\/uploads\/2023\/10\/logo-768x236.png 768w, https:\/\/grimpo6.org\/wp-content\/uploads\/2023\/10\/logo-1536x472.png 1536w, https:\/\/grimpo6.org\/wp-content\/uploads\/2023\/10\/logo-2048x630.png 2048w, https:\/\/grimpo6.org\/wp-content\/uploads\/2023\/10\/logo-600x184.png 600w, https:\/\/grimpo6.org\/wp-content\/uploads\/2023\/10\/logo-945x291.png 945w\" sizes=\"auto, (max-width: 1024px) 100vw, 1024px\" \/><\/figure><\/div>\n\n\n\n<p class=\"has-text-align-left has-accent-color has-text-color has-link-color wp-elements-7a960a930759ae1c2f50f0c9507b4b5a\"><strong>Des r\u00e9ductions sont \u00e9galement<\/strong> propos\u00e9s aux membres FSGT chez <a href=\"https:\/\/idf.fsgt.org\/partenariat-intersport-2024-25\/\" data-type=\"link\" data-id=\"https:\/\/idf.fsgt.org\/partenariat-intersport-2024-25\/\" target=\"_blank\" rel=\"noreferrer noopener\">Intersport<\/a> et <a href=\"https:\/\/idf.fsgt.org\/partenariat-boutique-millet-marais\/\" data-type=\"link\" data-id=\"https:\/\/idf.fsgt.org\/partenariat-boutique-millet-marais\/\" target=\"_blank\" rel=\"noreferrer noopener\">Millet<\/a><a href=\"https:\/\/grimpo6.org\/index.php\/lassociation-presentation\/le-mur\/\">.<\/a><\/p>\n","protected":false},"excerpt":{"rendered":"<p>\ud83e\uddd7\ud83c\udffb\u200d\u2642\ufe0f 17 lignes de 6,5 m\u00e8tres de hauteur45 voies (du 4 au 7B) \u23f1 Horaires : toutes les infos sur cette page &nbsp;\ud83d\udccdGymnase du lyc\u00e9e Montaigne15, rue Auguste Comte75006 Paris(RER Luxembourg) La liste du mat\u00e9riel pour grimper : Chaque membre&#8230; <a class=\"more-link\" href=\"https:\/\/grimpo6.org\/index.php\/lassociation-presentation\/le-mur\/\">Continue Reading &rarr;<\/a><\/p>\n","protected":false},"author":11,"featured_media":1936,"parent":185,"menu_order":0,"comment_status":"closed","ping_status":"closed","template":"","meta":{"footnotes":""},"class_list":["post-631","page","type-page","status-publish","has-post-thumbnail","hentry"],"_links":{"self":[{"href":"https:\/\/grimpo6.org\/index.php\/wp-json\/wp\/v2\/pages\/631","targetHints":{"allow":["GET"]}}],"collection":[{"href":"https:\/\/grimpo6.org\/index.php\/wp-json\/wp\/v2\/pages"}],"about":[{"href":"https:\/\/grimpo6.org\/index.php\/wp-json\/wp\/v2\/types\/page"}],"author":[{"embeddable":true,"href":"https:\/\/grimpo6.org\/index.php\/wp-json\/wp\/v2\/users\/11"}],"replies":[{"embeddable":true,"href":"https:\/\/grimpo6.org\/index.php\/wp-json\/wp\/v2\/comments?post=631"}],"version-history":[{"count":46,"href":"https:\/\/grimpo6.org\/index.php\/wp-json\/wp\/v2\/pages\/631\/revisions"}],"predecessor-version":[{"id":4232,"href":"https:\/\/grimpo6.org\/index.php\/wp-json\/wp\/v2\/pages\/631\/revisions\/4232"}],"up":[{"embeddable":true,"href":"https:\/\/grimpo6.org\/index.php\/wp-json\/wp\/v2\/pages\/185"}],"wp:featuredmedia":[{"embeddable":true,"href":"https:\/\/grimpo6.org\/index.php\/wp-json\/wp\/v2\/media\/1936"}],"wp:attachment":[{"href":"https:\/\/grimpo6.org\/index.php\/wp-json\/wp\/v2\/media?parent=631"}],"curies":[{"name":"wp","href":"https:\/\/api.w.org\/{rel}","templated":true}]}}